{"id":2132,"date":"2025-07-08T08:54:54","date_gmt":"2025-07-08T08:54:54","guid":{"rendered":"https:\/\/maizieres-54550.fr\/?page_id=2132"},"modified":"2025-07-15T09:09:25","modified_gmt":"2025-07-15T09:09:25","slug":"reglements","status":"publish","type":"page","link":"http:\/\/maizieres-54550.fr\/?page_id=2132","title":{"rendered":"R\u00e8glements"},"content":{"rendered":"\n\n\n\n\n<p>&nbsp;<\/p>\n<p><a href=\"http:\/\/maizieres-54550.fr\/wp-content\/uploads\/2025\/07\/3-PV-dcm-2025_39-Reglement-des-aires-de-jeux-et-parc-municipal-annexe.pdf\" target=\"_blank\" rel=\"noopener\">R\u00e8glement aires de jeux et parc municipal<\/a>&nbsp;<\/p>\n<p><a href=\"http:\/\/maizieres-54550.fr\/wp-content\/uploads\/2025\/07\/3-PV-dcm-2025_37-Reglement-du-verger-conservatoire-annexe.pdf\" target=\"_blank\" rel=\"noopener\">R\u00e8glement du verger conservatoire<\/a><\/p>\n<p><a href=\"http:\/\/maizieres-54550.fr\/wp-content\/uploads\/2025\/07\/3-PV-dcm-2025_38-Reglement-du-city-stade-annexe.pdf\" target=\"_blank\" rel=\"noopener\">R\u00e8glement du city stade<\/a><\/p>\n<p>&nbsp;<\/p>\n","protected":false},"excerpt":{"rendered":"<p>&nbsp; R\u00e8glement aires de jeux et parc municipal&nbsp; R\u00e8glement du verger conservatoire R\u00e8glement du city stade &nbsp;<\/p>\n","protected":false},"author":1,"featured_media":0,"parent":0,"menu_order":0,"comment_status":"closed","ping_status":"closed","template":"","meta":{"ngg_post_thumbnail":0},"_links":{"self":[{"href":"http:\/\/maizieres-54550.fr\/index.php?rest_route=\/wp\/v2\/pages\/2132"}],"collection":[{"href":"http:\/\/maizieres-54550.fr\/index.php?rest_route=\/wp\/v2\/pages"}],"about":[{"href":"http:\/\/maizieres-54550.fr\/index.php?rest_route=\/wp\/v2\/types\/page"}],"author":[{"embeddable":true,"href":"http:\/\/maizieres-54550.fr\/index.php?rest_route=\/wp\/v2\/users\/1"}],"replies":[{"embeddable":true,"href":"http:\/\/maizieres-54550.fr\/index.php?rest_route=%2Fwp%2Fv2%2Fcomments&post=2132"}],"version-history":[{"count":11,"href":"http:\/\/maizieres-54550.fr\/index.php?rest_route=\/wp\/v2\/pages\/2132\/revisions"}],"predecessor-version":[{"id":2152,"href":"http:\/\/maizieres-54550.fr\/index.php?rest_route=\/wp\/v2\/pages\/2132\/revisions\/2152"}],"wp:attachment":[{"href":"http:\/\/maizieres-54550.fr\/index.php?rest_route=%2Fwp%2Fv2%2Fmedia&parent=2132"}],"curies":[{"name":"wp","href":"https:\/\/api.w.org\/{rel}","templated":true}]}}