{"id":1029,"date":"2020-03-31T13:53:48","date_gmt":"2020-03-31T13:53:48","guid":{"rendered":"http:\/\/maizieres-54550.fr\/?page_id=1029"},"modified":"2020-10-16T08:22:32","modified_gmt":"2020-10-16T08:22:32","slug":"informations-covid-19","status":"publish","type":"page","link":"https:\/\/maizieres-54550.fr\/?page_id=1029","title":{"rendered":"Informations COVID-19"},"content":{"rendered":"\n<p><img decoding=\"async\" src=\"http:\/\/maizieres-54550.fr\/wp-content\/uploads\/2020\/04\/corona-4930541_1920.jpg\" alt=\"\"><\/p>\n<blockquote>\n<p><span style=\"color: #000000;\"><strong>Secr\u00e9tariat de mairie :<\/strong><\/span><\/p>\n<ul>\n<li style=\"text-align: justify;\"><span style=\"color: #000000;\">A compter du 11 mai 2020 l&rsquo;accueil du public se d\u00e9roule comme suit : lundi, mardi, jeudi, vendredi de 11h \u00e0 12h et le mardi et mercredi&nbsp; de 18h \u00e0 19h en respectant les consignes du plan de circulation de l&rsquo;accueil du public ci-dessous : (cliquer sur l&rsquo;image pour l&rsquo;agrandir)<br><\/span><\/li>\n<\/ul>\n<p><a href=\"http:\/\/maizieres-54550.fr\/wp-content\/uploads\/2020\/05\/Mairie-Plan-de-circulation-accueil-du-public-2.jpg\" target=\"_blank\" rel=\"noopener noreferrer\"><img decoding=\"async\" loading=\"lazy\" class=\"aligncenter\" src=\"http:\/\/maizieres-54550.fr\/wp-content\/uploads\/2020\/05\/Mairie-Plan-de-circulation-accueil-du-public-2.jpg\" alt=\"\" width=\"460\" height=\"379\"><\/a><\/p>\n<p><img decoding=\"async\" loading=\"lazy\" class=\"aligncenter\" src=\"http:\/\/maizieres-54550.fr\/wp-content\/uploads\/2020\/07\/masque.jpg\" alt=\"\" width=\"208\" height=\"302\"><\/p>\n<p style=\"text-align: justify;\">arr\u00eat\u00e9 pr\u00e9fectoral interdiction rassemblement 30 personnes : <a href=\"http:\/\/maizieres-54550.fr\/wp-content\/uploads\/2020\/10\/P054-20201014-Interdiction_Rassemblements_30_personnes_ERP2.pdf\" target=\"_blank\" rel=\"noopener noreferrer\">arr\u00eat\u00e9<\/a><\/p>\n<p style=\"text-align: justify;\">arr\u00eat\u00e9 pr\u00e9fectoral obligation port du masque abords \u00e9tablissement scolaire : <a href=\"http:\/\/maizieres-54550.fr\/wp-content\/uploads\/2020\/10\/P054-20201014-Obligation_Port_du_Masque-Abords_Etab_Scolaires_Superieur2.pdf\" target=\"_blank\" rel=\"noopener noreferrer\">arr\u00eat\u00e9<\/a><\/p>\n<p style=\"text-align: justify;\">arr\u00eat\u00e9 pr\u00e9fectoral obligation port du masque rassemblement : <a href=\"http:\/\/maizieres-54550.fr\/wp-content\/uploads\/2020\/10\/P054-20201014-Obligation_Port_du_Masque-Rassemblements3.pdf\" target=\"_blank\" rel=\"noopener noreferrer\">arr\u00eat\u00e9<\/a> <\/p>\n<p style=\"text-align: justify;\">arr\u00eat\u00e9 pr\u00e9fectoral en date du 22\/09\/2020 rendant le <b>port du masque obligatoire<\/b> jusqu\u2019au 17 octobre 2020 inclus pour les personnes de onze ans et plus, <b><u>dans un p\u00e9rim\u00e8tre de 50 m\u00e8tres<\/u> autour des cr\u00e8ches, des \u00e9tablissements d\u2019enseignement scolaire et d\u2019enseignement sup\u00e9rieur<\/b> dans le d\u00e9partement de Meurthe-et-Moselle<b>, <\/b>de 07h00 \u00e0 19h00, du lundi au vendredi, et le samedi de 07h00 \u00e0 13h00 pour les \u00e9tablissements ouverts ce jour-l\u00e0 : <a href=\"http:\/\/maizieres-54550.fr\/wp-content\/uploads\/2020\/09\/P054-20200922-Obligation_Port_du_Masque-Abords_Etablissements_Enseignement_Scolaire_Superieur.pdf\" target=\"_blank\" rel=\"noopener noreferrer\">arr\u00eat\u00e9<\/a><\/p>\n<p><img decoding=\"async\" src=\"http:\/\/maizieres-54550.fr\/wp-content\/uploads\/2020\/09\/c-est-la-rentree.png\" alt=\"\"><\/p>\n<\/blockquote>\n<p>&nbsp;<\/p>\n<blockquote>\n<ul>\n<li><span style=\"color: #000000;\">3\u00e8me note de d\u00e9lais d&rsquo;urbanisme :<\/span> <a href=\"http:\/\/maizieres-54550.fr\/wp-content\/uploads\/2020\/05\/note-3-delais-COVID-19.pdf\" target=\"_blank\" rel=\"noopener noreferrer\">Note<\/a><\/li>\n<\/ul>\n<\/blockquote>\n<p>&nbsp;<\/p>\n<blockquote>\n<ul>\n<li style=\"text-align: justify;\"><span style=\"color: #000000;\">Guide des recommandations des \u00e9quipements sportifs, sites et espaces de pratiques sportives :<\/span> <a href=\"http:\/\/maizieres-54550.fr\/wp-content\/uploads\/2020\/05\/sportsguideequipementssportifs1.pdf\" target=\"_blank\" rel=\"noopener noreferrer\">Guide<\/a><\/li>\n<\/ul>\n<\/blockquote>\n<p>&nbsp;<\/p>\n<blockquote>\n<ul>\n<li>R\u00e9ouverture for\u00eat : <a href=\"http:\/\/maizieres-54550.fr\/wp-content\/uploads\/2020\/05\/Affiche_re\u0301ouverture_fore\u0302t_onf.pdf\" target=\"_blank\" rel=\"noopener noreferrer\">mode d&#8217;emploi<\/a><\/li>\n<\/ul>\n<\/blockquote>\n<p>&nbsp;<\/p>\n<p><img decoding=\"async\" src=\"http:\/\/maizieres-54550.fr\/wp-content\/uploads\/2020\/05\/Affiche-Gestes-barrieres-et-Symptomes-Covid-19-scaled.jpg\" alt=\"\"><\/p>\n<p>&nbsp;<\/p>\n<blockquote>\n<ul>\n<li style=\"text-align: justify;\"><span style=\"color: #000000;\"><strong>modalit\u00e9s d\u2019acc\u00e8s de la d\u00e9chetterie de Moselle Madon<\/strong> pour la p\u00e9riode allant du lundi 11 mai au samedi 16 mai prochain :<\/span><\/li>\n<\/ul>\n<p style=\"text-align: justify;\"><span style=\"color: #000000;\">Pour faire face aux nombreuses sollicitations, la d\u00e9chetterie sera de nouveau ouverte sur des plages \u00e9largies : lundi 11\/05, mercredi 13\/05, jeudi 14\/05, vendredi 15\/05 et samedi 16\/05, de 9h \u00e0 12h et de 13h30 \u00e0 18h, ferm\u00e9s le mardi 12\/05 et le dimanche 17\/05.<\/span><\/p>\n<p style=\"text-align: justify;\"><span style=\"color: #000000;\">Afin de contenir les apports et pour permettre le strict respect des mesures sanitaires en vigueur, plusieurs dispositions restent en vigueur :<\/span><\/p>\n<ul style=\"text-align: justify;\">\n<li><span style=\"color: #000000;\">5 v\u00e9hicules maximum seront autoris\u00e9s simultan\u00e9ment sur site, 2 personnes maximum par v\u00e9hicule, pas d\u2019enfants sur le site<\/span><\/li>\n<li><span style=\"color: #000000;\">3 agents seront pr\u00e9sents afin de r\u00e9guler les flux, d\u2019orienter les usagers et de les guider dans leur geste de tri. Il ne sera toutefois pas propos\u00e9 d\u2019aide aux d\u00e9chargements.<\/span><\/li>\n<li><span style=\"color: #000000;\">Le volume maximum d\u2019apport reste limit\u00e9 \u00e0 3m3 par jour<\/span><\/li>\n<\/ul>\n<p style=\"text-align: justify;\"><span style=\"color: #000000;\">L\u2019ensemble des flux sont d\u00e9sormais collect\u00e9s mis \u00e0 part les d\u00e9chets diffus sp\u00e9cifiques (a\u00e9rosols, peintures, solvants,\u2026)<\/span><\/p>\n<p style=\"text-align: justify;\"><span style=\"color: #000000;\">Les usagers n\u2019ayant pas encore retir\u00e9 leur carte d\u2019acc\u00e8s pourront en faire la demande, \u00e0 compter de lundi 11 mai, par mail \u00e0 <a style=\"color: #000000;\" href=\"mailto:services.techniques@cc-mosellemadon.fr\">services.techniques@cc-mosellemadon.fr<\/a> en transmettant les \u00e9l\u00e9ments suivants :<\/span><\/p>\n<ul style=\"text-align: justify;\">\n<li><span style=\"color: #000000;\">Particuliers : pi\u00e8ce d&rsquo;identit\u00e9, justificatif de domicile, taxe d&rsquo;habitation, coordonn\u00e9es t\u00e9l\u00e9phoniques<\/span><\/li>\n<li><span style=\"color: #000000;\">Professionnel : document justifiant de l&rsquo;identit\u00e9 de l&rsquo;entreprise (ex: K-bis de moins de 3 mois), autorisation du repr\u00e9sentant l\u00e9gal \u00e0 retirer le badge, coordonn\u00e9es t\u00e9l\u00e9phoniques du repr\u00e9sentant l\u00e9gal et du demandeur<\/span><\/li>\n<\/ul>\n<p style=\"text-align: justify;\"><span style=\"color: #000000;\">Les usagers seront ensuite contact\u00e9s pour convenir d\u2019un rendez-vous au P\u00f4le Technique Moselle Madon (39 All\u00e9e Louis Martin, 54230 Neuves-Maisons) permettant la remise de la carte.<\/span><\/p>\n<p style=\"text-align: justify;\"><span style=\"color: #000000;\">Les prestations de collectes d\u2019ordures m\u00e9nag\u00e8res et de tri restent maintenues selon le calendrier habituel. Les points d\u2019apports volontaires (d\u00e9chets verts, verre, papier) du territoire sont accessibles sans difficult\u00e9s. Un point de tension existe ces jours-ci sur les conteneurs textiles, actuellement satur\u00e9s, l\u2019\u00e9co-organisme en charge de la collecte pr\u00e9voit de reprendre les collectes la semaine prochaine. Il est n\u00e9anmoins pr\u00e9f\u00e9rable de demander \u00e0 vos administr\u00e9s de pouvoir stocker leur tissus quelques temps.<\/span><\/p>\n<\/blockquote>\n<p>&nbsp;<\/p>\n<blockquote>\n<ul>\n<li style=\"text-align: justify;\">Prolongation arr\u00eat\u00e9 pr\u00e9fectoral interdiction parcs et jardins &#8211; covid :<span style=\"color: #3366ff;\"> <a style=\"color: #3366ff;\" href=\"http:\/\/maizieres-54550.fr\/wp-content\/uploads\/2020\/04\/P054-20200420-Interdition_de_circulation-Meurthe-et-Moselle4.pdf\" target=\"_blank\" rel=\"noopener noreferrer\">arr\u00eat\u00e9<\/a><\/span><\/li>\n<\/ul>\n<\/blockquote>\n<p>&nbsp;<\/p>\n<blockquote>\n<ul>\n<li style=\"text-align: justify;\">Nouvelle note sur les d\u00e9lais d&rsquo;instruction sur les autorisations d&rsquo;urbanisme suite au covid-19 : <a href=\"http:\/\/maizieres-54550.fr\/wp-content\/uploads\/2020\/04\/note-2-delais-COVID-19.pdf\" target=\"_blank\" rel=\"noopener noreferrer\">nouvelle note sur les d\u00e9lais<\/a><\/li>\n<\/ul>\n<\/blockquote>\n<p style=\"text-align: justify;\">&nbsp;<\/p>\n<blockquote>\n<ul>\n<li>Communiqu\u00e9 de presse : <a href=\"http:\/\/maizieres-54550.fr\/wp-content\/uploads\/2020\/04\/CP-distribution-jeux.pdf\" target=\"_blank\" rel=\"noopener noreferrer\">distribution de jeux<\/a><\/li>\n<\/ul>\n<\/blockquote>\n<p>&nbsp;<\/p>\n<p><a href=\"http:\/\/maizieres-54550.fr\/wp-content\/uploads\/2020\/04\/Flyer-R\u00e9sistance.png\" target=\"_blank\" rel=\"noopener noreferrer\"><img decoding=\"async\" src=\"http:\/\/maizieres-54550.fr\/wp-content\/uploads\/2020\/04\/Flyer-R\u00e9sistance.png\" alt=\"\"><\/a><\/p>\n<p>&nbsp;<\/p>\n<p><a href=\"http:\/\/maizieres-54550.fr\/wp-content\/uploads\/2020\/04\/20200414130153682_0001-1-e1586863416244.jpg\" target=\"_blank\" rel=\"noopener noreferrer\"><img decoding=\"async\" loading=\"lazy\" class=\"aligncenter\" src=\"http:\/\/maizieres-54550.fr\/wp-content\/uploads\/2020\/04\/20200414130153682_0001-1-e1586863416244.jpg\" alt=\"\" width=\"290\" height=\"410\"><\/a><\/p>\n<p style=\"text-align: center;\">&nbsp;<\/p>\n<blockquote>\n<ul>\n<li><span style=\"color: #000000;\">Mesures de soutien aux entreprises synth\u00e9tique :<\/span> <span style=\"color: #3366ff;\"><a style=\"color: #3366ff;\" href=\"http:\/\/maizieres-54550.fr\/wp-content\/uploads\/2020\/04\/Mesures-de-soutien-aux-entreprises-Synthe_tique.pdf\" target=\"_blank\" rel=\"noopener noreferrer\">dossier<\/a><\/span><\/li>\n<\/ul>\n<\/blockquote>\n<p>&nbsp;<\/p>\n<blockquote>\n<ul>\n<li style=\"text-align: justify;\"><span style=\"color: #000000;\">Arr\u00eat\u00e9 pr\u00e9fectoral fermeture des piscines et baignades 06.04.2020 :<\/span> <span style=\"color: #3366ff;\"><a style=\"color: #3366ff;\" href=\"http:\/\/maizieres-54550.fr\/wp-content\/uploads\/2020\/04\/06-04-2020-Arr\u00eat\u00e9-pr\u00e9fectoral-Fermeture-des-piscines-et-baignades-Meurthe-et-Moselle.pdf\" target=\"_blank\" rel=\"noopener noreferrer\">arr\u00eat\u00e9<\/a><\/span><\/li>\n<\/ul>\n<\/blockquote>\n<p>&nbsp;<\/p>\n<blockquote>\n<ul>\n<li style=\"text-align: justify;\">Note pr\u00e9vention des d\u00e9chets covid-19 : <a href=\"http:\/\/rlpu.mjt.lu\/nl2\/rlpu\/mhj79.html\"><span style=\"color: #3366ff;\">Note pr\u00e9vention<\/span><\/a><\/li>\n<\/ul>\n<\/blockquote>\n<p>&nbsp;<\/p>\n<blockquote>\n<ul>\n<li style=\"text-align: justify;\"><span style=\"color: #000000;\">Note sur les d\u00e9lais d&rsquo;instruction sur les autorisations d&rsquo;urbanisme suite au covid-19 :<\/span> <span style=\"color: #3366ff;\"><a style=\"color: #3366ff;\" href=\"http:\/\/maizieres-54550.fr\/wp-content\/uploads\/2020\/04\/note-delais-COVID-19.pdf\">Note des d\u00e9lais<\/a><\/span><\/li>\n<\/ul>\n<\/blockquote>\n<p>&nbsp;<\/p>\n<blockquote>\n<ul>\n<li style=\"text-align: justify;\"><span style=\"color: #000000;\">Modification arr\u00eat\u00e9 pr\u00e9fectoral interdiction parcs et jardins &#8211; covid :<\/span>&nbsp;<a href=\"http:\/\/maizieres-54550.fr\/wp-content\/uploads\/2020\/04\/30-03-2020-Modification-Interdiction-Parcs-et-jardins-publics-Covid-Meurthe-et-Moselle.pdf\"><span style=\"color: #3366ff;\">Arr\u00eat\u00e9 pr\u00e9fectoral du 30\/03\/2020<\/span><\/a><\/li>\n<\/ul>\n<\/blockquote>\n<p>&nbsp;<\/p>\n<blockquote>\n<ul>\n<li style=\"text-align: justify;\"><span style=\"color: #000000;\">Arr\u00eat\u00e9 pr\u00e9fectoral interdiction parcs et jardins &#8211; covid : <\/span><a href=\"http:\/\/maizieres-54550.fr\/wp-content\/uploads\/2020\/04\/25-03-2020-Interdiction-Parcs-et-jardins-Covid-Meurthe-et-Moselle.pdf\"><span style=\"color: #3366ff;\">Arr\u00eat\u00e9 pr\u00e9fectoral du 25\/03\/2020<\/span><\/a><\/li>\n<\/ul>\n<\/blockquote>\n<p>&nbsp;<\/p>\n<blockquote>\n<ul>\n<li style=\"text-align: justify;\"><span style=\"color: #000000;\">Arr\u00eat\u00e9 pr\u00e9fectoral interdiction acc\u00e8s parcs publics, aux jardins publics, aux parcs r\u00e9cr\u00e9atifs et aires de jeux jusqu&rsquo;au 31 mars 2020 inclus :&nbsp;<\/span><a href=\"http:\/\/maizieres-54550.fr\/wp-content\/uploads\/2020\/03\/Arr\u00eat\u00e9-prefectoral-Interdiction-Parcs-et-Jardins-20-03-2020-Meurthe-et-Moselle1.pdf\" target=\"_blank\" rel=\"noopener noreferrer\"><span style=\"color: #3366ff;\">Arr\u00eat\u00e9 pr\u00e9fectoral du 20\/03\/2020<\/span><\/a><\/li>\n<\/ul>\n<\/blockquote>\n<p>&nbsp;<\/p>\n<blockquote>\n<table style=\"width: 100%; border-collapse: collapse; border-style: none;\">\n<tbody>\n<tr>\n<td style=\"width: 50%; text-align: justify; border-style: none;\"><span style=\"color: #0000ff;\"><a style=\"color: #0000ff;\" href=\"http:\/\/maizieres-54550.fr\/wp-content\/uploads\/2020\/03\/1_Fiche-A4_Coronavirus_pour-comprendre_W-1000-001-2003.pdf\">1 &#8211; Coronavirus pour comprendre<\/a><\/span><\/td>\n<td style=\"width: 50%; text-align: justify; border-style: none;\"><span style=\"color: #0000ff;\"><a style=\"color: #0000ff;\" href=\"http:\/\/maizieres-54550.fr\/wp-content\/uploads\/2020\/03\/2_Fiche-A4_Coronavirus_Pour-vous-proteger_W-1001-001-2003.pdf\">2 &#8211; Coronavirus pour vous prot\u00e9ger<\/a><\/span><\/td>\n<\/tr>\n<tr>\n<td style=\"width: 50%; text-align: justify; border-style: none;\"><span style=\"color: #0000ff;\"><a style=\"color: #0000ff;\" href=\"http:\/\/maizieres-54550.fr\/wp-content\/uploads\/2020\/03\/3_Fiche-A4_Coronavirus_Les-signes_W-1002-001-2003.pdf\">3 &#8211; Coronavirus les signes<\/a><\/span><\/td>\n<td style=\"width: 50%; text-align: justify; border-style: none;\"><span style=\"color: #0000ff;\"><a style=\"color: #0000ff;\" href=\"http:\/\/maizieres-54550.fr\/wp-content\/uploads\/2020\/03\/4_Fiche-A4_Coronavirus_Se-soigner_W-1003-001-2003.pdf\">4 &#8211; Coronavirus se soigner<\/a><\/span><\/td>\n<\/tr>\n<\/tbody>\n<\/table>\n<\/blockquote>\n\n\n","protected":false},"excerpt":{"rendered":"<p>Secr\u00e9tariat de mairie : A compter du 11 mai 2020 l&rsquo;accueil du public se d\u00e9roule comme suit : lundi, mardi, jeudi, vendredi de 11h \u00e0 12h et le mardi et mercredi&nbsp; de 18h \u00e0 19h en respectant les consignes du plan de circulation de l&rsquo;accueil du public ci-dessous : (cliquer sur l&rsquo;image pour l&rsquo;agrandir) arr\u00eat\u00e9 [&hellip;]<\/p>\n","protected":false},"author":1,"featured_media":0,"parent":0,"menu_order":0,"comment_status":"closed","ping_status":"closed","template":"","meta":{"ngg_post_thumbnail":0},"_links":{"self":[{"href":"https:\/\/maizieres-54550.fr\/index.php?rest_route=\/wp\/v2\/pages\/1029"}],"collection":[{"href":"https:\/\/maizieres-54550.fr\/index.php?rest_route=\/wp\/v2\/pages"}],"about":[{"href":"https:\/\/maizieres-54550.fr\/index.php?rest_route=\/wp\/v2\/types\/page"}],"author":[{"embeddable":true,"href":"https:\/\/maizieres-54550.fr\/index.php?rest_route=\/wp\/v2\/users\/1"}],"replies":[{"embeddable":true,"href":"https:\/\/maizieres-54550.fr\/index.php?rest_route=%2Fwp%2Fv2%2Fcomments&post=1029"}],"version-history":[{"count":78,"href":"https:\/\/maizieres-54550.fr\/index.php?rest_route=\/wp\/v2\/pages\/1029\/revisions"}],"predecessor-version":[{"id":1526,"href":"https:\/\/maizieres-54550.fr\/index.php?rest_route=\/wp\/v2\/pages\/1029\/revisions\/1526"}],"wp:attachment":[{"href":"https:\/\/maizieres-54550.fr\/index.php?rest_route=%2Fwp%2Fv2%2Fmedia&parent=1029"}],"curies":[{"name":"wp","href":"https:\/\/api.w.org\/{rel}","templated":true}]}}