{"id":1342,"date":"2020-04-29T12:17:33","date_gmt":"2020-04-29T12:17:33","guid":{"rendered":"http:\/\/maizieres-54550.fr\/?page_id=1342"},"modified":"2020-04-29T12:33:05","modified_gmt":"2020-04-29T12:33:05","slug":"registre-plan-durgence","status":"publish","type":"page","link":"https:\/\/maizieres-54550.fr\/?page_id=1342","title":{"rendered":"Registre plan d&rsquo;alerte et d&rsquo;urgence"},"content":{"rendered":"\n<table style=\"height: 21px; width: 100%; border-collapse: collapse; border-style: none; border-color: #000000; background-color: #10ade6;\">\n<tbody>\n<tr style=\"height: 21px;\">\n<td style=\"width: 100%; text-align: center; height: 21px;\">\n<h3><span style=\"color: #ffffff;\">INFORMATION<\/span><\/h3>\n<\/td>\n<\/tr>\n<\/tbody>\n<\/table>\n<blockquote>\n<p style=\"text-align: justify;\"><span style=\"color: #000000;\">Un registre nominatif des personnes b\u00e9n\u00e9ficiaires du plan d&rsquo;alerte et d&rsquo;urgence d\u00e9partemental est mis en place.<\/span><\/p>\n<p style=\"text-align: justify;\"><span style=\"color: #000000;\">Les personnes de plus de 60 ans reconnues inapte au travail, de plus de 65 ans et adulte handicap\u00e9 peuvent s&rsquo;inscrire sur le registre en remplissant un formulaire disponible en mairie. (Cette inscription est facultative, le droit d&rsquo;acc\u00e8s et de rectification des informations s&rsquo;exerce aupr\u00e8s du maire).<\/span><\/p>\n<p style=\"text-align: justify;\"><span style=\"color: #000000;\">Le Pr\u00e9fet de Meurthe-et-Moselle est destinataire du registre en cas de d\u00e9clenchement du plan d&rsquo;alerte et d&rsquo;urgence.<\/span><\/p>\n<\/blockquote>\n<p>&nbsp;<\/p>\n<blockquote>\n<p style=\"text-align: justify;\"><span style=\"color: #000000;\">Demande d&rsquo;inscription \u00e0 t\u00e9l\u00e9charger et \u00e0 remettre au secr\u00e9tariat de mairie :<\/span><\/p>\n<p style=\"text-align: center;\"><a href=\"http:\/\/maizieres-54550.fr\/wp-content\/uploads\/2020\/04\/inscription-sur-le-registre-plan-dalerte.pdf\" target=\"_blank\" rel=\"noopener noreferrer\">demande d&rsquo;inscription<\/a><\/p>\n<\/blockquote>\n","protected":false},"excerpt":{"rendered":"<p>INFORMATION Un registre nominatif des personnes b\u00e9n\u00e9ficiaires du plan d&rsquo;alerte et d&rsquo;urgence d\u00e9partemental est mis en place. Les personnes de plus de 60 ans reconnues inapte au travail, de plus de 65 ans et adulte handicap\u00e9 peuvent s&rsquo;inscrire sur le registre en remplissant un formulaire disponible en mairie. (Cette inscription est facultative, le droit d&rsquo;acc\u00e8s [&hellip;]<\/p>\n","protected":false},"author":1,"featured_media":0,"parent":0,"menu_order":0,"comment_status":"closed","ping_status":"closed","template":"","meta":{"ngg_post_thumbnail":0},"_links":{"self":[{"href":"https:\/\/maizieres-54550.fr\/index.php?rest_route=\/wp\/v2\/pages\/1342"}],"collection":[{"href":"https:\/\/maizieres-54550.fr\/index.php?rest_route=\/wp\/v2\/pages"}],"about":[{"href":"https:\/\/maizieres-54550.fr\/index.php?rest_route=\/wp\/v2\/types\/page"}],"author":[{"embeddable":true,"href":"https:\/\/maizieres-54550.fr\/index.php?rest_route=\/wp\/v2\/users\/1"}],"replies":[{"embeddable":true,"href":"https:\/\/maizieres-54550.fr\/index.php?rest_route=%2Fwp%2Fv2%2Fcomments&post=1342"}],"version-history":[{"count":8,"href":"https:\/\/maizieres-54550.fr\/index.php?rest_route=\/wp\/v2\/pages\/1342\/revisions"}],"predecessor-version":[{"id":1353,"href":"https:\/\/maizieres-54550.fr\/index.php?rest_route=\/wp\/v2\/pages\/1342\/revisions\/1353"}],"wp:attachment":[{"href":"https:\/\/maizieres-54550.fr\/index.php?rest_route=%2Fwp%2Fv2%2Fmedia&parent=1342"}],"curies":[{"name":"wp","href":"https:\/\/api.w.org\/{rel}","templated":true}]}}