{"id":175,"date":"2017-10-04T08:04:17","date_gmt":"2017-10-04T08:04:17","guid":{"rendered":"http:\/\/dev-site.maizieres-54550.com\/?page_id=175"},"modified":"2025-11-28T06:40:47","modified_gmt":"2025-11-28T06:40:47","slug":"cimetiere-animalier-2","status":"publish","type":"page","link":"https:\/\/maizieres-54550.fr\/?page_id=175","title":{"rendered":"Cimeti\u00e8re animalier"},"content":{"rendered":"<table style=\"width: 100%; border-collapse: collapse; border-style: none; border-color: #000000; background-color: #10ade6;\">\n<tbody>\n<tr>\n<td style=\"width: 100%;\">\n<h3 style=\"text-align: center;\"><span style=\"color: #ffffff;\">HISTORIQUE<\/span><\/h3>\n<\/td>\n<\/tr>\n<\/tbody>\n<\/table>\n<blockquote>\n<p style=\"text-align: justify;\"><span style=\"font-family: verdana,geneva,sans-serif; color: #000000;\">Le cimeti\u00e8re animalier a \u00e9t\u00e9 cr\u00e9\u00e9 en 19.., apr\u00e8s une p\u00e9riode d&rsquo;abandon celui-ci fut repris par la commune en 2010.<\/span><\/p>\n<p style=\"text-align: justify;\"><span style=\"font-family: verdana,geneva,sans-serif; color: #000000;\">Un jardin du souvenir a \u00e9t\u00e9 cr\u00e9\u00e9 en 2024 afin de limiter les frais li\u00e9s \u00e0 la disparition d\u2019un animal de compagnie, une personne de la commune vous aidera dans cette d\u00e9marche ainsi qu&rsquo;\u00e0 la dispersion des cendres.<\/span><\/p>\n<p style=\"text-align: justify;\"><span style=\"font-family: verdana,geneva,sans-serif; color: #000000;\">Vous pouvez enterrer votre animal dans votre jardin sous certaines conditions \u00e0 plus de 35 m\u00e8tres des habitations, puits, sources, et cela est interdit dans les p\u00e9rim\u00e8tres de protection des sources, des ouvrages de captage et d&rsquo;adduction des eaux d&rsquo;alimentation (article 98 du r\u00e8glement sanitaire d\u00e9partemental).<\/span><\/p>\n<\/blockquote>\n<p>&nbsp;<\/p>\n<table style=\"width: 100%; border-collapse: collapse; border-style: none; border-color: #000000; background-color: #10ade6;\">\n<tbody>\n<tr>\n<td style=\"width: 100%;\">\n<h3 style=\"text-align: center;\"><span style=\"color: #ffffff;\">REPRISE DE CONCESSION<\/span><\/h3>\n<\/td>\n<\/tr>\n<\/tbody>\n<\/table>\n<blockquote>\n<p style=\"text-align: justify;\"><span style=\"font-family: verdana,geneva,sans-serif; color: #000000;\">Certaines concessions ont \u00e9t\u00e9 identifi\u00e9es, par contre pour la plupart des parcelles nous n\u2019avons pas encore retrouv\u00e9 leur propri\u00e9taire.<\/span><\/p>\n<\/blockquote>\n<p>&nbsp;<\/p>\n<table style=\"width: 100%; border-collapse: collapse; border-style: none; border-color: #000000; background-color: #10ade6;\">\n<tbody>\n<tr>\n<td style=\"width: 100%;\">\n<h3 style=\"text-align: center;\"><span style=\"color: #ffffff;\">DEMANDE DE S\u00c9PULTURE ET CONCESSION<\/span><\/h3>\n<\/td>\n<\/tr>\n<\/tbody>\n<\/table>\n<blockquote><p><span style=\"color: #000000;\">Pour une s\u00e9pulture au cimeti\u00e8re animalier :<\/span><\/p>\n<ul>\n<li style=\"text-align: justify;\"><span style=\"color: #000000; font-size: 12pt;\">Vous devez \u00eatre en possession du certificat du v\u00e9t\u00e9rinaire attestant le d\u00e9c\u00e8s de l&rsquo;animal ou pr\u00e9senter l&rsquo;animal pour constat avant inhumation ; dans ce cas pas de boite bois ferm\u00e9e.<\/span><\/li>\n<li style=\"text-align: justify;\"><span style=\"font-size: 12pt; color: #000000;\">Vous devez \u00eatre en possession du certificat du v\u00e9t\u00e9rinaire attestant le d\u00e9c\u00e8s de l&rsquo;animal ou pr\u00e9senter l&rsquo;animal pour constat avant inhumation ; dans ce cas pas de boite bois ferm\u00e9e.<\/span><\/li>\n<li style=\"text-align: justify;\"><span style=\"font-size: 12pt; color: #000000;\">Apr\u00e8s demande aupr\u00e8s du secr\u00e9tariat de mairie il vous sera remis soit une mise \u00e0 jour de votre contrat de concession ou un nouveau titre de concession (le r\u00e8glement se fait \u00e0 l&rsquo;ordre du tr\u00e9sor public en aucun cas au nom d&rsquo;une personne physique).<\/span><\/li>\n<li style=\"text-align: justify;\"><span style=\"font-size: 12pt; color: #000000;\">Vous devez emballer l&rsquo;animal dans un linceul biod\u00e9gradable : carton, drap, caisse bois (pas de sacs ou container plastique).<\/span><\/li>\n<li style=\"text-align: justify;\"><span style=\"font-size: 12pt; color: #000000;\">Il sera convenu d&rsquo;un rendez-vous avec soit un repr\u00e9sentant de la commune pour dispersion de cendres ou avec la soci\u00e9t\u00e9 charg\u00e9e de l&rsquo;inhumation.<\/span><\/li>\n<li style=\"text-align: justify;\"><span style=\"font-size: 12pt; color: #000000;\">Tout travaux concernant l&rsquo;am\u00e9nagement d&rsquo;une pierre tombale ou d&rsquo;un cadre sur une concession existante fera l&rsquo;objet d&rsquo;une demande en mairie.<\/span><\/li>\n<\/ul>\n<\/blockquote>\n<p>&nbsp;<\/p>\n<table style=\"width: 100%; border-collapse: collapse; border-style: none; border-color: #000000; background-color: #10ade6;\">\n<tbody>\n<tr>\n<td style=\"width: 100%;\">\n<h3 style=\"text-align: center;\"><span style=\"color: #ffffff;\">TARIFS ET R\u00c8GLEMENT<\/span><\/h3>\n<\/td>\n<\/tr>\n<\/tbody>\n<\/table>\n<blockquote>\n<p style=\"text-align: justify;\"><span style=\"font-family: verdana,geneva,sans-serif; color: #000000;\">\u200bLa tarification actuelle tient compte de la gestion du cimeti\u00e8re et de son entretien par la commune :<\/span><\/p>\n<\/blockquote>\n<figure id=\"attachment_49\" aria-describedby=\"caption-attachment-49\" style=\"width: 300px\" class=\"wp-caption alignright\"><img decoding=\"async\" loading=\"lazy\" class=\"size-medium wp-image-49\" src=\"http:\/\/dev-site.maizieres-54550.com\/wp-content\/uploads\/2017\/02\/PICT0033-300x225.jpg\" alt=\"\" width=\"300\" height=\"225\" srcset=\"https:\/\/maizieres-54550.fr\/wp-content\/uploads\/2017\/02\/PICT0033-300x225.jpg 300w, https:\/\/maizieres-54550.fr\/wp-content\/uploads\/2017\/02\/PICT0033-768x576.jpg 768w, https:\/\/maizieres-54550.fr\/wp-content\/uploads\/2017\/02\/PICT0033-1024x768.jpg 1024w\" sizes=\"(max-width: 300px) 100vw, 300px\" \/><figcaption id=\"caption-attachment-49\" class=\"wp-caption-text\">Tombale<\/figcaption><\/figure>\n<blockquote>\n<p style=\"text-align: justify;\"><span style=\"font-family: verdana,geneva,sans-serif; color: #000000;\">Concession 5 ans 100 \u20ac<\/span><\/p>\n<p style=\"text-align: justify;\"><span style=\"font-family: verdana,geneva,sans-serif; color: #000000;\">concession 15 ans 200 \u20ac<\/span><\/p>\n<p style=\"text-align: justify;\"><span style=\"font-family: verdana,geneva,sans-serif; color: #000000;\">Concession 30 ans 300 \u20ac<\/span><\/p>\n<\/blockquote>\n<p>&nbsp;<\/p>\n<p>&nbsp;<\/p>\n<blockquote><p><a href=\"http:\/\/maizieres-54550.fr\/wp-content\/uploads\/2017\/10\/reglement-cimetiere-animalier.pdf\" target=\"_blank\" rel=\"noopener\"><strong><span style=\"color: #3366ff;\">\u00bb R\u00e8glement<\/span><\/strong><\/a><\/p>\n<p><a href=\"http:\/\/maizieres-54550.fr\/wp-content\/uploads\/2025\/10\/plan-cimetiere-animalier.pdf\">&gt;&gt; plan du cimeti\u00e8re<\/a><\/p><\/blockquote>\n","protected":false},"excerpt":{"rendered":"<p>HISTORIQUE Le cimeti\u00e8re animalier a \u00e9t\u00e9 cr\u00e9\u00e9 en 19.., apr\u00e8s une p\u00e9riode d&rsquo;abandon celui-ci fut repris par la commune en 2010. Un jardin du souvenir a \u00e9t\u00e9 cr\u00e9\u00e9 en 2024 afin de limiter les frais li\u00e9s \u00e0 la disparition d\u2019un animal de compagnie, une personne de la commune vous aidera dans cette d\u00e9marche ainsi qu&rsquo;\u00e0 [&hellip;]<\/p>\n","protected":false},"author":1,"featured_media":0,"parent":0,"menu_order":0,"comment_status":"closed","ping_status":"closed","template":"","meta":{"ngg_post_thumbnail":0},"_links":{"self":[{"href":"https:\/\/maizieres-54550.fr\/index.php?rest_route=\/wp\/v2\/pages\/175"}],"collection":[{"href":"https:\/\/maizieres-54550.fr\/index.php?rest_route=\/wp\/v2\/pages"}],"about":[{"href":"https:\/\/maizieres-54550.fr\/index.php?rest_route=\/wp\/v2\/types\/page"}],"author":[{"embeddable":true,"href":"https:\/\/maizieres-54550.fr\/index.php?rest_route=\/wp\/v2\/users\/1"}],"replies":[{"embeddable":true,"href":"https:\/\/maizieres-54550.fr\/index.php?rest_route=%2Fwp%2Fv2%2Fcomments&post=175"}],"version-history":[{"count":28,"href":"https:\/\/maizieres-54550.fr\/index.php?rest_route=\/wp\/v2\/pages\/175\/revisions"}],"predecessor-version":[{"id":2185,"href":"https:\/\/maizieres-54550.fr\/index.php?rest_route=\/wp\/v2\/pages\/175\/revisions\/2185"}],"wp:attachment":[{"href":"https:\/\/maizieres-54550.fr\/index.php?rest_route=%2Fwp%2Fv2%2Fmedia&parent=175"}],"curies":[{"name":"wp","href":"https:\/\/api.w.org\/{rel}","templated":true}]}}