{"id":177,"date":"2017-10-04T08:04:32","date_gmt":"2017-10-04T08:04:32","guid":{"rendered":"http:\/\/dev-site.maizieres-54550.com\/?page_id=177"},"modified":"2025-10-14T08:53:19","modified_gmt":"2025-10-14T08:53:19","slug":"cimetiere-communal","status":"publish","type":"page","link":"https:\/\/maizieres-54550.fr\/?page_id=177","title":{"rendered":"Cimeti\u00e8re communal"},"content":{"rendered":"\n<table style=\"width: 100%; border-collapse: collapse; border-style: none; border-color: #000000; background-color: #10ade6;\">\n<tbody>\n<tr>\n<td style=\"width: 100%;\">\n<h3 style=\"text-align: center;\"><span style=\"color: #ffffff;\">ACQUISITION DE CONCESSION<\/span><\/h3>\n<\/td>\n<\/tr>\n<\/tbody>\n<\/table>\n<blockquote>\n<p style=\"text-align: justify;\"><span style=\"color: #000000;\">La demande de concession doit \u00eatre faite au secr\u00e9tariat de mairie.<\/span><\/p>\n<\/blockquote>\n<p>&nbsp;<\/p>\n<table style=\"width: 100%; border-collapse: collapse; border-style: none; border-color: #000000; background-color: #10ade6;\">\n<tbody>\n<tr>\n<td style=\"width: 100%;\">\n<h3 style=\"text-align: center;\"><span style=\"color: #ffffff;\">RENOUVELLEMENT DE CONCESSION<\/span><\/h3>\n<\/td>\n<\/tr>\n<\/tbody>\n<\/table>\n<blockquote>\n<p style=\"text-align: justify;\"><span style=\"color: #000000;\">La demande de renouvellement doit \u00eatre faite au secr\u00e9tariat de mairie dans les <strong>2 ans suivant l&rsquo;\u00e9ch\u00e9ance de la concession<\/strong>.<\/span><\/p>\n<\/blockquote>\n<p>&nbsp;<\/p>\n<blockquote>\n<p style=\"text-align: justify;\"><span style=\"color: #3366ff;\"><a style=\"color: #3366ff;\" href=\"https:\/\/www.service-public.fr\/particuliers\/vosdroits\/F31001\" target=\"_blank\" rel=\"noopener noreferrer\">Pour plus d&rsquo;information vous pouvez consulter les d\u00e9marches sur service-public.fr<\/a><\/span><\/p>\n<\/blockquote>\n<p>&nbsp;<\/p>\n\n\n<table style=\"width: 100%; border-collapse: collapse; border-style: none; border-color: #000000; background-color: #10ade6;\">\n<tbody>\n<tr>\n<td style=\"width: 100%;\">\n<h3 style=\"text-align: center;\"><span style=\"color: #ffffff;\">TARIFS ET R\u00c8GLEMENT<\/span><\/h3>\n<\/td>\n<\/tr>\n<\/tbody>\n<\/table>\n<blockquote>\n<p style=\"text-align: justify;\"><span style=\"color: #000000; font-family: verdana,geneva,sans-serif;\">\u200b<\/span><span style=\"color: #000000; font-family: verdana,geneva,sans-serif;\">Concession 30 ans : 80 \u20ac<\/span><\/p>\n<p style=\"text-align: justify;\"><span style=\"color: #000000; font-family: verdana,geneva,sans-serif;\">Concession 50 ans : 130 \u20ac<\/span><\/p>\n<p style=\"text-align: justify;\"><span style=\"color: #000000; font-family: verdana,geneva,sans-serif;\">Concession perp\u00e9tuelle ne sont plus attribu\u00e9es<\/span><\/p>\n<p style=\"text-align: justify;\"><span style=\"color: #000000; font-family: verdana,geneva,sans-serif;\">Concession columbarium 30 ans : 230 \u20ac<\/span><\/p>\n<p style=\"text-align: justify;\"><span style=\"color: #000000; font-family: verdana,geneva,sans-serif;\">Concession columbarium 50 ans : 400 \u20ac<\/span><\/p>\n<\/blockquote>\n<p style=\"text-align: justify;\"><span style=\"color: #000000; font-family: verdana,geneva,sans-serif;\">\u200b<\/span><\/p>\n<blockquote>\n<p style=\"text-align: justify;\"><a href=\"http:\/\/dev-site.maizieres-54550.com\/wp-content\/uploads\/2018\/02\/PV-dcm-61-2017-R\u00e9glement-int\u00e9rieur-du-cimeti\u00e8re-communal-annexe.pdf\" target=\"_blank\" rel=\"noopener noreferrer\"><span style=\"color: #3366ff;\">\u00bb <strong>R\u00e8glement int\u00e9rieur du cimeti\u00e8re communal &#8211; annexe<\/strong><\/span><\/a><\/p>\n<\/blockquote>\n\n\n<p><a href=\"http:\/\/maizieres-54550.fr\/wp-content\/uploads\/2025\/10\/Plan-cimetiere-8165-cim-Model-1.pdf\">&gt;&gt; Plan du cimeti\u00e8re<\/a><\/p>\n","protected":false},"excerpt":{"rendered":"<p>ACQUISITION DE CONCESSION La demande de concession doit \u00eatre faite au secr\u00e9tariat de mairie. &nbsp; RENOUVELLEMENT DE CONCESSION La demande de renouvellement doit \u00eatre faite au secr\u00e9tariat de mairie dans les 2 ans suivant l&rsquo;\u00e9ch\u00e9ance de la concession. &nbsp; Pour plus d&rsquo;information vous pouvez consulter les d\u00e9marches sur service-public.fr &nbsp; TARIFS ET R\u00c8GLEMENT \u200bConcession 30 [&hellip;]<\/p>\n","protected":false},"author":1,"featured_media":0,"parent":0,"menu_order":0,"comment_status":"closed","ping_status":"closed","template":"","meta":{"ngg_post_thumbnail":0},"_links":{"self":[{"href":"https:\/\/maizieres-54550.fr\/index.php?rest_route=\/wp\/v2\/pages\/177"}],"collection":[{"href":"https:\/\/maizieres-54550.fr\/index.php?rest_route=\/wp\/v2\/pages"}],"about":[{"href":"https:\/\/maizieres-54550.fr\/index.php?rest_route=\/wp\/v2\/types\/page"}],"author":[{"embeddable":true,"href":"https:\/\/maizieres-54550.fr\/index.php?rest_route=\/wp\/v2\/users\/1"}],"replies":[{"embeddable":true,"href":"https:\/\/maizieres-54550.fr\/index.php?rest_route=%2Fwp%2Fv2%2Fcomments&post=177"}],"version-history":[{"count":16,"href":"https:\/\/maizieres-54550.fr\/index.php?rest_route=\/wp\/v2\/pages\/177\/revisions"}],"predecessor-version":[{"id":2179,"href":"https:\/\/maizieres-54550.fr\/index.php?rest_route=\/wp\/v2\/pages\/177\/revisions\/2179"}],"wp:attachment":[{"href":"https:\/\/maizieres-54550.fr\/index.php?rest_route=%2Fwp%2Fv2%2Fmedia&parent=177"}],"curies":[{"name":"wp","href":"https:\/\/api.w.org\/{rel}","templated":true}]}}