{"id":1792,"date":"2023-01-17T16:21:46","date_gmt":"2023-01-17T16:21:46","guid":{"rendered":"https:\/\/maizieres-54550.fr\/?page_id=1792"},"modified":"2026-01-15T11:06:15","modified_gmt":"2026-01-15T11:06:15","slug":"inscription-scolaire","status":"publish","type":"page","link":"https:\/\/maizieres-54550.fr\/","title":{"rendered":"Inscription scolaire"},"content":{"rendered":"\n<p style=\"text-align: center;\"><span style=\"color: #000000;\"><strong>INSCRIPTIONS \u00e0 l\u2019\u00e9cole \u00c9mile Gall\u00e9 <\/strong><\/span><\/p>\n<p style=\"text-align: center;\"><strong><span style=\"color: #000000;\">MAIZI\u00c8RES<\/span> <\/strong><\/p>\n<p style=\"text-align: center;\"><span style=\"color: #000000;\"><strong>RENTR\u00c9E SEPTEMBRE 2025<\/strong><\/span><\/p>\n<p style=\"text-align: justify;\"><strong>&nbsp;<\/strong><span style=\"color: #000000;\">Afin de pr\u00e9parer la rentr\u00e9e, les inscriptions \u00e0 l\u2019\u00e9cole \u00c9mile Gall\u00e9 commencent <strong><u>d\u00e8s maintenant<\/u><\/strong>.<\/span><\/p>\n<p><span style=\"color: #000000;\">Voici la d\u00e9marche \u00e0 suivre&nbsp;:<\/span><\/p>\n<ul>\n<li style=\"text-align: justify;\"><span style=\"color: #000000;\">Inscrire votre enfant \u00e0 la &nbsp;Mairie en apportant le livret de famille, un justificatif de domicile et un &nbsp;document attestant que l&rsquo;enfant a re\u00e7u les 11 vaccinations obligatoires pour une premi\u00e8re inscription ( enfants n\u00e9s en 2022, accueillis en Petite Section).<\/span><\/li>\n<\/ul>\n<p><span style=\"text-decoration: underline; color: #000000;\"><strong>dossier mairie \u00e0 t\u00e9l\u00e9charger<\/strong><\/span><strong><span style=\"color: #000000;\"> : <a href=\"http:\/\/maizieres-54550.fr\/wp-content\/uploads\/2025\/01\/Ecole-dossier-inscription-2025-2026.pdf\" target=\"_blank\" rel=\"noopener\">DOSSIER 2025-2026<\/a><br><\/span><\/strong><\/p>\n<p>&nbsp; &nbsp; &nbsp; &nbsp; &nbsp; &nbsp; &nbsp; &nbsp; &nbsp; &nbsp; &nbsp; &nbsp; &nbsp; &nbsp; &nbsp; &nbsp; &nbsp; &nbsp; &nbsp; &nbsp; &nbsp; &nbsp; &nbsp; &nbsp; &nbsp;<a href=\"http:\/\/maizieres-54550.fr\/wp-content\/uploads\/2026\/01\/Ecole-dossier-inscription-2026-2027.pdf\" target=\"_blank\" rel=\"noopener\">DOSSIER 2026-2027<\/a><\/p>\n<p><strong>&nbsp;<\/strong><\/p>\n<ul>\n<li style=\"text-align: justify;\"><span style=\"color: #000000;\">T\u00e9l\u00e9phoner \u00e0 Mme Husson, directrice de l\u2019\u00e9cole, afin de convenir d\u2019un rendez-vous au 03.83.52.77.93.<\/span><\/li>\n<\/ul>\n","protected":false},"excerpt":{"rendered":"<p>INSCRIPTIONS \u00e0 l\u2019\u00e9cole \u00c9mile Gall\u00e9 MAIZI\u00c8RES RENTR\u00c9E SEPTEMBRE 2025 &nbsp;Afin de pr\u00e9parer la rentr\u00e9e, les inscriptions \u00e0 l\u2019\u00e9cole \u00c9mile Gall\u00e9 commencent d\u00e8s maintenant. Voici la d\u00e9marche \u00e0 suivre&nbsp;: Inscrire votre enfant \u00e0 la &nbsp;Mairie en apportant le livret de famille, un justificatif de domicile et un &nbsp;document attestant que l&rsquo;enfant a re\u00e7u les 11 vaccinations [&hellip;]<\/p>\n","protected":false},"author":1,"featured_media":0,"parent":0,"menu_order":0,"comment_status":"closed","ping_status":"closed","template":"","meta":{"ngg_post_thumbnail":0},"_links":{"self":[{"href":"https:\/\/maizieres-54550.fr\/index.php?rest_route=\/wp\/v2\/pages\/1792"}],"collection":[{"href":"https:\/\/maizieres-54550.fr\/index.php?rest_route=\/wp\/v2\/pages"}],"about":[{"href":"https:\/\/maizieres-54550.fr\/index.php?rest_route=\/wp\/v2\/types\/page"}],"author":[{"embeddable":true,"href":"https:\/\/maizieres-54550.fr\/index.php?rest_route=\/wp\/v2\/users\/1"}],"replies":[{"embeddable":true,"href":"https:\/\/maizieres-54550.fr\/index.php?rest_route=%2Fwp%2Fv2%2Fcomments&post=1792"}],"version-history":[{"count":19,"href":"https:\/\/maizieres-54550.fr\/index.php?rest_route=\/wp\/v2\/pages\/1792\/revisions"}],"predecessor-version":[{"id":2212,"href":"https:\/\/maizieres-54550.fr\/index.php?rest_route=\/wp\/v2\/pages\/1792\/revisions\/2212"}],"wp:attachment":[{"href":"https:\/\/maizieres-54550.fr\/index.php?rest_route=%2Fwp%2Fv2%2Fmedia&parent=1792"}],"curies":[{"name":"wp","href":"https:\/\/api.w.org\/{rel}","templated":true}]}}