{"id":181,"date":"2017-10-04T08:05:08","date_gmt":"2017-10-04T08:05:08","guid":{"rendered":"http:\/\/dev-site.maizieres-54550.com\/?page_id=181"},"modified":"2020-04-15T13:28:28","modified_gmt":"2020-04-15T13:28:28","slug":"recensement-citoyen","status":"publish","type":"page","link":"https:\/\/maizieres-54550.fr\/?page_id=181","title":{"rendered":"Recensement citoyen"},"content":{"rendered":"\n<p><img decoding=\"async\" class=\"aligncenter\" src=\"http:\/\/maizieres-54550.fr\/wp-content\/uploads\/2020\/04\/majdc_bandeau.png\" alt=\"\"><\/p>\n\n\n<table style=\"width: 100%; border-collapse: collapse; border-style: none; border-color: #000000; background-color: #10ade6;\">\n<tbody>\n<tr>\n<td style=\"width: 100%;\">\n<h3 style=\"text-align: center;\"><span style=\"color: #ffffff;\">INSCRIPTION<\/span><\/h3>\n<\/td>\n<\/tr>\n<\/tbody>\n<\/table>\n<blockquote>\n<p style=\"text-align: justify;\"><span style=\"font-family: verdana,geneva,sans-serif; color: #000000;\">Un Fran\u00e7ais de naissance doit se faire recenser entre le jour de ses 16 ans et le dernier jour du 3e mois qui suit celui de l&rsquo;anniversaire. <\/span><\/p>\n<\/blockquote>\n<p>&nbsp;<\/p>\n<blockquote>\n<p><strong><span style=\"color: #000000;\">\u00bb au secr\u00e9tariat de mairie :<\/span><\/strong><\/p>\n<p style=\"text-align: justify;\"><span style=\"font-family: verdana,geneva,sans-serif; color: #000000;\">Le jeune doit faire la d\u00e9marche lui-m\u00eame. S&rsquo;il est mineur, il peut se faire repr\u00e9senter par l&rsquo;un de ses parents. <\/span><\/p>\n<p style=\"text-align: justify;\"><span style=\"font-family: verdana,geneva,sans-serif; color: #000000;\">Il doit se rendre \u00e0 sa mairie avec les documents suivants : <\/span><\/p>\n<ul>\n<li><span style=\"font-family: verdana, geneva, sans-serif; color: #000000; font-size: 12pt;\">Pi\u00e8ce d&rsquo;identit\u00e9 justifiant de la nationalit\u00e9 fran\u00e7aise (carte nationale d&rsquo;identit\u00e9 ou passeport).<\/span><\/li>\n<li><span style=\"font-family: verdana,geneva,sans-serif; color: #000000;\"><span style=\"font-size: 12pt;\">Livret de famille.<\/span> <\/span><\/li>\n<\/ul>\n<p style=\"text-align: justify;\"><span style=\"font-family: verdana,geneva,sans-serif; color: #000000;\">Tout changement de domicile ou de situation doit \u00eatre signal\u00e9 \u00e0 votre centre de service national jusqu&rsquo;\u00e0 l&rsquo;\u00e2ge de 25 ans.<\/span><\/p>\n<\/blockquote>\n<p style=\"text-align: justify;\"><span style=\"font-family: verdana,geneva,sans-serif; color: #000000;\">\u200b<\/span><span style=\"font-family: verdana,geneva,sans-serif; color: #000000;\">\u200b<\/span><\/p>\n<blockquote>\n<p style=\"text-align: justify;\"><span style=\"color: #3366ff;\"><strong><span style=\"font-family: wingdings, zapf dingbats; font-size: 18pt;\">\u00bb <\/span><a style=\"color: #3366ff;\" href=\"https:\/\/www.service-public.fr\/particuliers\/vosdroits\/R2054\"><span style=\"font-family: verdana, geneva, sans-serif;\">en ligne sur service-public.fr<\/span><\/a><\/strong><\/span><\/p>\n<p style=\"text-align: justify;\"><span style=\"color: #3366ff;\"><a style=\"color: #3366ff;\" href=\"https:\/\/www.service-public.fr\/particuliers\/vosdroits\/N24\">Pour plus d&rsquo;information, vous pouvez consulter les d\u00e9marches sur le site service-public<\/a><\/span><\/p>\n<\/blockquote>\n\n\n\n\n<p><a href=\"http:\/\/maizieres-54550.fr\/wp-content\/uploads\/2020\/04\/TRIPTYQUE-JEUNE-DSNJ-HP.png\" target=\"_blank\" rel=\"noopener noreferrer\"><img decoding=\"async\" src=\"http:\/\/maizieres-54550.fr\/wp-content\/uploads\/2020\/04\/TRIPTYQUE-JEUNE-DSNJ-HP.png\" alt=\"\"><\/a><\/p>\n<p><a href=\"http:\/\/maizieres-54550.fr\/wp-content\/uploads\/2020\/04\/TRIPTYQUE-JEUNE-DSNJ-HP2.png\" target=\"_blank\" rel=\"noopener noreferrer\"><img decoding=\"async\" src=\"http:\/\/maizieres-54550.fr\/wp-content\/uploads\/2020\/04\/TRIPTYQUE-JEUNE-DSNJ-HP2.png\" alt=\"\"><\/a><\/p>\n","protected":false},"excerpt":{"rendered":"<p>INSCRIPTION Un Fran\u00e7ais de naissance doit se faire recenser entre le jour de ses 16 ans et le dernier jour du 3e mois qui suit celui de l&rsquo;anniversaire. &nbsp; \u00bb au secr\u00e9tariat de mairie : Le jeune doit faire la d\u00e9marche lui-m\u00eame. S&rsquo;il est mineur, il peut se faire repr\u00e9senter par l&rsquo;un de ses parents. [&hellip;]<\/p>\n","protected":false},"author":1,"featured_media":0,"parent":0,"menu_order":0,"comment_status":"closed","ping_status":"closed","template":"","meta":{"ngg_post_thumbnail":0},"_links":{"self":[{"href":"https:\/\/maizieres-54550.fr\/index.php?rest_route=\/wp\/v2\/pages\/181"}],"collection":[{"href":"https:\/\/maizieres-54550.fr\/index.php?rest_route=\/wp\/v2\/pages"}],"about":[{"href":"https:\/\/maizieres-54550.fr\/index.php?rest_route=\/wp\/v2\/types\/page"}],"author":[{"embeddable":true,"href":"https:\/\/maizieres-54550.fr\/index.php?rest_route=\/wp\/v2\/users\/1"}],"replies":[{"embeddable":true,"href":"https:\/\/maizieres-54550.fr\/index.php?rest_route=%2Fwp%2Fv2%2Fcomments&post=181"}],"version-history":[{"count":16,"href":"https:\/\/maizieres-54550.fr\/index.php?rest_route=\/wp\/v2\/pages\/181\/revisions"}],"predecessor-version":[{"id":1306,"href":"https:\/\/maizieres-54550.fr\/index.php?rest_route=\/wp\/v2\/pages\/181\/revisions\/1306"}],"wp:attachment":[{"href":"https:\/\/maizieres-54550.fr\/index.php?rest_route=%2Fwp%2Fv2%2Fmedia&parent=181"}],"curies":[{"name":"wp","href":"https:\/\/api.w.org\/{rel}","templated":true}]}}