{"id":185,"date":"2017-10-04T08:05:42","date_gmt":"2017-10-04T08:05:42","guid":{"rendered":"http:\/\/dev-site.maizieres-54550.com\/?page_id=185"},"modified":"2025-05-22T09:15:13","modified_gmt":"2025-05-22T09:15:13","slug":"urbanisme","status":"publish","type":"page","link":"https:\/\/maizieres-54550.fr\/?page_id=185","title":{"rendered":"Urbanisme"},"content":{"rendered":"\n<p><img decoding=\"async\" src=\"http:\/\/maizieres-54550.fr\/wp-content\/uploads\/2020\/04\/work-3480187_1920.jpg\" alt=\"\"><\/p>\n\n\n\n<p><a href=\"http:\/\/maizieres-54550.fr\/wp-content\/uploads\/2023\/09\/20230920111939821_0001-scaled.jpg\" target=\"_blank\" rel=\"noopener\"><img decoding=\"async\" loading=\"lazy\" class=\"alignnone\" src=\"http:\/\/maizieres-54550.fr\/wp-content\/uploads\/2023\/09\/20230920111939821_0001-scaled.jpg\" alt=\"\" width=\"2560\" height=\"1810\"><\/a><\/p>\n\n\n\n<p><a href=\"http:\/\/maizieres-54550.fr\/wp-content\/uploads\/2023\/09\/20230920111939821_0002-scaled.jpg\" target=\"_blank\" rel=\"noopener\"><img decoding=\"async\" loading=\"lazy\" class=\"alignnone\" src=\"http:\/\/maizieres-54550.fr\/wp-content\/uploads\/2023\/09\/20230920111939821_0002-scaled.jpg\" alt=\"\" width=\"2560\" height=\"1810\"><\/a><\/p>\n\n\n\n<p><img decoding=\"async\" src=\"http:\/\/maizieres-54550.fr\/wp-content\/uploads\/2025\/05\/20250522112137798_0001-scaled-e1747905052458.jpg\" alt=\"\"><\/p>\n\n\n\n<p><a href=\"http:\/\/maizieres-54550.fr\/wp-content\/uploads\/2023\/09\/20230920111836833_0001-scaled.jpg\" target=\"_blank\" rel=\"noopener\"><img decoding=\"async\" loading=\"lazy\" class=\"alignnone\" src=\"http:\/\/maizieres-54550.fr\/wp-content\/uploads\/2023\/09\/20230920111836833_0001-scaled.jpg\" alt=\"\" width=\"2560\" height=\"1810\"><\/a><\/p>\n\n\n\n<p><a href=\"http:\/\/maizieres-54550.fr\/wp-content\/uploads\/2023\/09\/20230920111836833_0002-scaled.jpg\" target=\"_blank\" rel=\"noopener\"><img decoding=\"async\" loading=\"lazy\" class=\"alignnone\" src=\"http:\/\/maizieres-54550.fr\/wp-content\/uploads\/2023\/09\/20230920111836833_0002-scaled.jpg\" alt=\"\" width=\"2560\" height=\"1810\"><\/a><\/p>\n\n\n\n<p><img decoding=\"async\" loading=\"lazy\" src=\"http:\/\/maizieres-54550.fr\/wp-content\/uploads\/2021\/12\/affiche-aos-demat-2.png\" alt=\"\" width=\"730\" height=\"1051\"><\/p>\n<p><img decoding=\"async\" loading=\"lazy\" src=\"http:\/\/maizieres-54550.fr\/wp-content\/uploads\/2021\/12\/affiche-aos-demat-3.png\" alt=\"\" width=\"723\" height=\"1047\"><\/p>\n<p>&nbsp;<\/p>\n\n\n\n\n\n<table style=\"width: 100%; border-collapse: collapse; border-style: none; border-color: #000000; background-color: #10ade6; height: 83px;\">\n<tbody>\n<tr style=\"height: 83px;\">\n<td style=\"width: 100%; height: 83px;\">\n<h3 style=\"text-align: center;\"><span style=\"color: #ffffff;\">AFFICHAGE<\/span><\/h3>\n<\/td>\n<\/tr>\n<\/tbody>\n<\/table>\n<blockquote>\n<p>&nbsp;<\/p>\n<\/blockquote>\n\n\n\n<blockquote>\n<p><span style=\"color: #000000;\">3\u00e8me note de d\u00e9lais d&rsquo;urbanisme : <\/span><a href=\"http:\/\/maizieres-54550.fr\/wp-content\/uploads\/2020\/05\/note-3-delais-COVID-19.pdf\" target=\"_blank\" rel=\"noopener noreferrer\">Note<\/a><\/p>\n<p><span style=\"color: #000000;\">Nouvelle note sur les d\u00e9lais d&rsquo;instruction sur les autorisations d&rsquo;urbanisme suite au covid-19 :<\/span><\/p>\n<p style=\"text-align: center;\"><a href=\"http:\/\/maizieres-54550.fr\/wp-content\/uploads\/2020\/04\/note-2-delais-COVID-19.pdf\" target=\"_blank\" rel=\"noopener noreferrer\"><span style=\"color: #3366ff;\">nouvelle note sur les d\u00e9lais<\/span><\/a><\/p>\n<p><span style=\"color: #000000;\">Note sur les d\u00e9lais d&rsquo;instruction sur les autorisations d&rsquo;urbanisme suite au covid-19 :<\/span><\/p>\n<p style=\"text-align: center;\"><span style=\"color: #3366ff;\"><a style=\"color: #3366ff;\" href=\"http:\/\/maizieres-54550.fr\/wp-content\/uploads\/2020\/04\/note-delais-COVID-19.pdf\" target=\"_blank\" rel=\"noopener noreferrer\">Note des d\u00e9lais<\/a><\/span><\/p>\n<\/blockquote>\n<p>&nbsp;<\/p>\n\n\n\n<table style=\"width: 100%; border-collapse: collapse; border-style: none; border-color: #000000; background-color: #10ade6;\">\n<tbody>\n<tr>\n<td style=\"width: 100%;\">\n<h3 style=\"text-align: center;\"><span style=\"color: #ffffff;\">PLU &#8211; CADASTRE<br><\/span><\/h3>\n<\/td>\n<\/tr>\n<\/tbody>\n<\/table>\n<blockquote>\n<p><span style=\"color: #000000;\">Plan et r\u00e8glement du PLU sur<\/span> <span style=\"color: #3366ff;\"><a style=\"color: #3366ff;\" href=\"https:\/\/www.geoportail-urbanisme.gouv.fr\/map\/#tile=1&amp;lon=6.061706&amp;lat=48.58377399999998&amp;zoom=13&amp;mlon=6.061706&amp;mlat=48.583774\" target=\"_blank\" rel=\"noopener noreferrer\"><strong>g\u00e9oportail<\/strong><\/a><\/span><\/p>\n<p><span style=\"color: #000000;\">Cadastre en ligne :<\/span> <a href=\"https:\/\/www.cadastre.gouv.fr\/scpc\/accueil.do\" target=\"_blank\" rel=\"noopener noreferrer\"><span style=\"color: #3366ff;\">cadastre.gouv.fr<\/span><\/a><\/p>\n<p>Mise \u00e0 jour cadastre 2022 : <a href=\"https:\/\/cartographie.terresdelorraine.org\/portail\" target=\"_blank\" rel=\"noopener\">cartographie terres de lorraine<\/a><\/p>\n<\/blockquote>\n<p>&nbsp;<\/p>\n\n\n<table style=\"width: 100%; border-collapse: collapse; border-style: none; border-color: #000000; background-color: #10ade6;\">\n<tbody>\n<tr>\n<td style=\"width: 100%;\">\n<h3 style=\"text-align: center;\"><span style=\"color: #ffffff;\">D\u00c9CLARATION PR\u00c9ALABLE<\/span><\/h3>\n<\/td>\n<\/tr>\n<\/tbody>\n<\/table>\n<blockquote>\n<p style=\"text-align: justify;\"><span style=\"color: #000000;\">La d\u00e9claration pr\u00e9alable est \u00e0 utiliser pour tous les travaux non soumis \u00e0 permis de construire (extension inf\u00e9rieure ou \u00e9gale \u00e0 20 m\u00b2, modification aspect ext\u00e9rieur : portes, fen\u00eatres, toiture, ravalement, abri de jardin inf\u00e9rieure ou \u00e9gale \u00e0 20 m\u00b2 , piscine suivant la superficie de bassin, changement de destination et transformation. Consulter la notice pour savoir quel formulaire \u00e0 utiliser.<\/span><\/p>\n<p style=\"text-align: justify;\"><span style=\"color: #000000;\">Le formulaire de d\u00e9claration pr\u00e9alable ainsi que ses pi\u00e8ces \u00e0 fournir sont \u00e0 d\u00e9poser en 2 exemplaires au secr\u00e9tariat de mairie ou \u00e0 envoyer en lettre recommand\u00e9e avec accus\u00e9 de r\u00e9ception. Les pi\u00e8ces \u00e0 fournir sont \u00e9num\u00e9r\u00e9es sur la notice de demande de d\u00e9claration pr\u00e9alable.<\/span><\/p>\n<p style=\"text-align: justify;\"><span style=\"color: #000000;\">D&rsquo;autres exemplaires peuvent \u00eatre demand\u00e9es dans le cas de consultation de services ext\u00e9rieurs.<\/span><\/p>\n<p style=\"text-align: justify;\"><span style=\"color: #000000;\"><strong>RAPPEL POUR L&rsquo;\u00c9DIFICATION DE CL\u00d4TURES<\/strong> <\/span><\/p>\n<p style=\"text-align: justify;\"><span style=\"color: #000000;\">D\u00e9lib\u00e9ration n\u00b02019-14 du jeudi 11 juillet 2019 de la communaut\u00e9 de communes Moselle et Madon, <\/span><\/p>\n<p style=\"text-align: justify;\"><span style=\"color: #000000;\">L\u2019article R421-12 du code de l\u2019urbanisme dispose que doit \u00eatre pr\u00e9c\u00e9d\u00e9e d\u2019une d\u00e9claration pr\u00e9alable l\u2019\u00e9dification des cl\u00f4tures dans les communes ou parties de commune o\u00f9 le conseil communautaire en a d\u00e9cid\u00e9 ainsi. Apr\u00e8s consultation des communes, le conseil est appel\u00e9 \u00e0 instaurer l\u2019obligation de d\u00e9p\u00f4t d\u2019une d\u00e9claration pr\u00e9alable pour toute cl\u00f4ture sur la commune de Maizi\u00e8res et toutes celles de la communaut\u00e9 de communes, la commune de Maizi\u00e8res uniquement pour les cl\u00f4tures en limite du domaine public. Le conseil communautaire, apr\u00e8s en avoir d\u00e9lib\u00e9r\u00e9, \u00e0 l\u2019unanimit\u00e9, confirme que les travaux d\u2019\u00e9dification de cl\u00f4ture sont soumis \u00e0 d\u00e9claration pr\u00e9alable dans les communes de la communaut\u00e9.<\/span><\/p>\n<p style=\"text-align: justify;\"><a href=\"https:\/\/www.service-public.fr\/particuliers\/vosdroits\/F1986\"><span style=\"font-family: verdana,geneva,sans-serif; color: #000000;\"><span style=\"color: #339966;\">\u200b<\/span><\/span><\/a><strong><a style=\"color: #339966;\" href=\"https:\/\/www.service-public.fr\/particuliers\/vosdroits\/F17578\" target=\"_blank\" rel=\"noopener noreferrer\"><span style=\"font-family: verdana, geneva, sans-serif;\"><span style=\"color: #3366ff;\">\u00bb T\u00e9l\u00e9charger le formulaire de d\u00e9claration pr\u00e9alable sur service-public.fr<\/span><\/span><\/a><\/strong><\/p>\n<\/blockquote>\n<p style=\"text-align: justify;\"><span style=\"font-family: verdana,geneva,sans-serif; color: #000000;\">&nbsp;<\/span><\/p>\n\n\n<table style=\"width: 100%; border-collapse: collapse; border-style: none; border-color: #000000; background-color: #10ade6; height: 85px;\">\n<tbody>\n<tr style=\"height: 85px;\">\n<td style=\"width: 100%; height: 85px;\">\n<h3 style=\"text-align: center;\"><span style=\"color: #ffffff;\">PERMIS DE CONSTRUIRE<\/span><\/h3>\n<\/td>\n<\/tr>\n<\/tbody>\n<\/table>\n<blockquote>\n<p style=\"text-align: justify;\"><span style=\"color: #000000;\">Le permis de construire est \u00e0 utiliser pour les constructions sup\u00e9rieures \u00e0 20 m\u00b2. Consulter la notice pour savoir quel formulaire \u00e0 utiliser. <\/span><\/p>\n<p style=\"text-align: justify;\"><span style=\"color: #000000;\">Le formulaire de permis de construire ainsi que ses pi\u00e8ces \u00e0 fournir sont \u00e0 d\u00e9poser en 4 exemplaires au secr\u00e9tariat de mairie ou \u00e0 envoyer en lettre recommand\u00e9e avec accus\u00e9 de r\u00e9ception. Les pi\u00e8ces \u00e0 fournir sont \u00e9num\u00e9r\u00e9es sur la notice de demande de permis de construire. <\/span><\/p>\n<p style=\"text-align: justify;\"><span style=\"color: #000000;\">D&rsquo;autres exemplaires peuvent \u00eatre demand\u00e9es dans le cas de consultation de services ext\u00e9rieurs.<\/span><\/p>\n<p style=\"text-align: justify;\"><span style=\"color: #3366ff;\"><strong><a style=\"color: #3366ff;\" href=\"https:\/\/www.service-public.fr\/particuliers\/vosdroits\/F1986\">\u00bb T\u00e9l\u00e9charger le formulaire de permis de construire sur service-public.fr<\/a><\/strong><\/span><\/p>\n<\/blockquote>\n<p style=\"text-align: justify;\">&nbsp;<\/p>\n\n\n\n<table style=\"width: 100%; border-collapse: collapse; border-style: none; border-color: #000000; background-color: #10ade6; height: 88px;\">\n<tbody>\n<tr style=\"height: 85px;\">\n<td style=\"width: 100%; height: 88px;\">\n<h3 style=\"text-align: center;\"><span style=\"color: #ffffff;\">TAXE D&rsquo;AM\u00c9NAGEMENT<\/span><\/h3>\n<\/td>\n<\/tr>\n<\/tbody>\n<\/table>\n<blockquote>\n<p style=\"text-align: justify;\"><span style=\"color: #000000;\">La taxe d&rsquo;am\u00e9nagement est une taxe compos\u00e9e d&rsquo;une part communale ou intercommunale et d\u00e9partementale.<\/span><\/p>\n<p><span style=\"color: #3366ff;\"><strong><a style=\"color: #3366ff;\" href=\"https:\/\/www.service-public.fr\/particuliers\/vosdroits\/F23263\" target=\"_blank\" rel=\"noopener noreferrer\">\u00bb \u200bPlus d&rsquo;information sur la taxe d&rsquo;am\u00e9nagement sur service-public.fr<\/a><\/strong><\/span><\/p>\n<\/blockquote>\n<p>&nbsp;<\/p>\n<p>&nbsp;<\/p>\n\n\n\n<blockquote>\n<p><span style=\"color: #000000;\">Plus de d\u00e9tail sur<\/span> <span style=\"color: #3366ff;\"><a style=\"color: #3366ff;\" href=\"https:\/\/www.service-public.fr\/particuliers\/vosdroits\/N319\" target=\"_blank\" rel=\"noopener noreferrer\"><strong>service-public.fr<\/strong><\/a><\/span><\/p>\n<\/blockquote>\n<p>&nbsp;<\/p>\n","protected":false},"excerpt":{"rendered":"<p>&nbsp; AFFICHAGE &nbsp; 3\u00e8me note de d\u00e9lais d&rsquo;urbanisme : Note Nouvelle note sur les d\u00e9lais d&rsquo;instruction sur les autorisations d&rsquo;urbanisme suite au covid-19 : nouvelle note sur les d\u00e9lais Note sur les d\u00e9lais d&rsquo;instruction sur les autorisations d&rsquo;urbanisme suite au covid-19 : Note des d\u00e9lais &nbsp; PLU &#8211; CADASTRE Plan et r\u00e8glement du PLU sur [&hellip;]<\/p>\n","protected":false},"author":1,"featured_media":0,"parent":0,"menu_order":0,"comment_status":"closed","ping_status":"closed","template":"","meta":{"ngg_post_thumbnail":0},"_links":{"self":[{"href":"https:\/\/maizieres-54550.fr\/index.php?rest_route=\/wp\/v2\/pages\/185"}],"collection":[{"href":"https:\/\/maizieres-54550.fr\/index.php?rest_route=\/wp\/v2\/pages"}],"about":[{"href":"https:\/\/maizieres-54550.fr\/index.php?rest_route=\/wp\/v2\/types\/page"}],"author":[{"embeddable":true,"href":"https:\/\/maizieres-54550.fr\/index.php?rest_route=\/wp\/v2\/users\/1"}],"replies":[{"embeddable":true,"href":"https:\/\/maizieres-54550.fr\/index.php?rest_route=%2Fwp%2Fv2%2Fcomments&post=185"}],"version-history":[{"count":60,"href":"https:\/\/maizieres-54550.fr\/index.php?rest_route=\/wp\/v2\/pages\/185\/revisions"}],"predecessor-version":[{"id":2093,"href":"https:\/\/maizieres-54550.fr\/index.php?rest_route=\/wp\/v2\/pages\/185\/revisions\/2093"}],"wp:attachment":[{"href":"https:\/\/maizieres-54550.fr\/index.php?rest_route=%2Fwp%2Fv2%2Fmedia&parent=185"}],"curies":[{"name":"wp","href":"https:\/\/api.w.org\/{rel}","templated":true}]}}