{"id":200,"date":"2017-10-04T08:12:11","date_gmt":"2017-10-04T08:12:11","guid":{"rendered":"http:\/\/dev-site.maizieres-54550.com\/?page_id=200"},"modified":"2026-04-10T06:18:21","modified_gmt":"2026-04-10T06:18:21","slug":"lequipe","status":"publish","type":"page","link":"https:\/\/maizieres-54550.fr\/?page_id=200","title":{"rendered":"L&rsquo;\u00e9quipe"},"content":{"rendered":"<hr>\n<p style=\"text-align: justify;\"><span style=\"font-family: verdana,geneva,sans-serif; color: #000000;\">Elle est constitu\u00e9e de 15 femmes et hommes qui ont la volont\u00e9 de s&rsquo;investir pour la r\u00e9ussite des projets, dans l&rsquo;int\u00e9r\u00eat de notre commune ainsi que de ses habitants.<\/span><\/p>\n<p style=\"text-align: justify;\"><span style=\"font-family: verdana,geneva,sans-serif; color: #000000;\">Maire : Laurent ORPHEUILLE &#8211;&nbsp;<\/span><\/p>\n<p style=\"text-align: justify;\"><span style=\"font-family: verdana,geneva,sans-serif; color: #000000;\">1er Adjoint : Philippe BAGARD &#8211;&nbsp;<\/span><\/p>\n<p><span style=\"color: #000000;\">2\u00e8me Adjointe : Agn\u00e8s ELOY &#8211;&nbsp;<\/span><\/p>\n<p><span style=\"color: #000000;\">3\u00e8me Adjoint : Didier COTEL &#8211;&nbsp;<\/span><\/p>\n<p style=\"text-align: justify;\"><span style=\"font-family: verdana,geneva,sans-serif; color: #000000;\">4\u00e8me Adjoint : Justine OSVALD &#8211;&nbsp;<\/span><\/p>\n<p style=\"text-align: justify;\"><span style=\"font-family: verdana,geneva,sans-serif; color: #000000;\">Conseill\u00e8re municipale : Catherine MARCHAL &#8211;&nbsp;<\/span><\/p>\n<p><span style=\"color: #000000;\">Conseiller municipal : Fabrice LADA &#8211;&nbsp;<\/span><\/p>\n<p><span style=\"color: #000000;\">Conseiller municipal : Arnaud GAVOILLE &#8211;<\/span><\/p>\n<p><span style=\"color: #000000;\">Conseill\u00e8re municipale : Guzal TEMIROV &#8211;<\/span><\/p>\n<p><span style=\"color: #000000;\">Conseill\u00e8re municipale : Juliette BETTI &#8211;<\/span><\/p>\n<p style=\"text-align: justify;\"><span style=\"font-family: verdana,geneva,sans-serif; color: #000000;\">Conseill\u00e8re municipale : Sophie THIERY &#8211;&nbsp;<\/span><\/p>\n<p><span style=\"color: #000000;\">Conseiller municipal : Alexandre RUYER &#8211;&nbsp;<\/span><\/p>\n<p><span style=\"color: #000000;\">Conseiller municipal : Jean-Baptiste THIRIET-WUCHER &#8211;<\/span><\/p>\n<p><span style=\"color: #000000;\">Conseiller municipal : Pascal LOCHE &#8211;<\/span><\/p>\n<p style=\"text-align: justify;\"><span style=\"font-family: verdana,geneva,sans-serif; color: #000000;\">Conseill\u00e8re municipale : Aline MOUGENOT &#8211;<\/span><\/p>\n<p style=\"text-align: justify;\">&nbsp;<\/p>\n","protected":false},"excerpt":{"rendered":"<p>Elle est constitu\u00e9e de 15 femmes et hommes qui ont la volont\u00e9 de s&rsquo;investir pour la r\u00e9ussite des projets, dans l&rsquo;int\u00e9r\u00eat de notre commune ainsi que de ses habitants. Maire : Laurent ORPHEUILLE &#8211;&nbsp; 1er Adjoint : Philippe BAGARD &#8211;&nbsp; 2\u00e8me Adjointe : Agn\u00e8s ELOY &#8211;&nbsp; 3\u00e8me Adjoint : Didier COTEL &#8211;&nbsp; 4\u00e8me Adjoint : [&hellip;]<\/p>\n","protected":false},"author":1,"featured_media":0,"parent":0,"menu_order":0,"comment_status":"closed","ping_status":"closed","template":"","meta":{"ngg_post_thumbnail":0},"_links":{"self":[{"href":"https:\/\/maizieres-54550.fr\/index.php?rest_route=\/wp\/v2\/pages\/200"}],"collection":[{"href":"https:\/\/maizieres-54550.fr\/index.php?rest_route=\/wp\/v2\/pages"}],"about":[{"href":"https:\/\/maizieres-54550.fr\/index.php?rest_route=\/wp\/v2\/types\/page"}],"author":[{"embeddable":true,"href":"https:\/\/maizieres-54550.fr\/index.php?rest_route=\/wp\/v2\/users\/1"}],"replies":[{"embeddable":true,"href":"https:\/\/maizieres-54550.fr\/index.php?rest_route=%2Fwp%2Fv2%2Fcomments&post=200"}],"version-history":[{"count":10,"href":"https:\/\/maizieres-54550.fr\/index.php?rest_route=\/wp\/v2\/pages\/200\/revisions"}],"predecessor-version":[{"id":2235,"href":"https:\/\/maizieres-54550.fr\/index.php?rest_route=\/wp\/v2\/pages\/200\/revisions\/2235"}],"wp:attachment":[{"href":"https:\/\/maizieres-54550.fr\/index.php?rest_route=%2Fwp%2Fv2%2Fmedia&parent=200"}],"curies":[{"name":"wp","href":"https:\/\/api.w.org\/{rel}","templated":true}]}}