{"id":204,"date":"2017-10-04T08:12:40","date_gmt":"2017-10-04T08:12:40","guid":{"rendered":"http:\/\/dev-site.maizieres-54550.com\/?page_id=204"},"modified":"2024-11-26T17:23:13","modified_gmt":"2024-11-26T17:23:13","slug":"le-personnel-communal","status":"publish","type":"page","link":"https:\/\/maizieres-54550.fr\/?page_id=204","title":{"rendered":"Personnel communal"},"content":{"rendered":"<table style=\"width: 100%; border-collapse: collapse; border-style: none; border-color: #000000; background-color: #10ade6;\">\n<tbody>\n<tr>\n<td style=\"width: 579px;\">\n<h3 style=\"text-align: center;\"><span style=\"color: #ffffff;\">PERSONNEL ADMINISTRATIF<\/span><\/h3>\n<\/td>\n<\/tr>\n<\/tbody>\n<\/table>\n<blockquote>\n<p style=\"text-align: justify;\"><span style=\"color: #000000; font-family: verdana,geneva,sans-serif;\">Caroline PAQUE<\/span><\/p>\n<p style=\"text-align: justify;\"><span style=\"color: #000000; font-family: verdana,geneva,sans-serif;\">Carole CHEVRIER<\/span><\/p>\n<\/blockquote>\n<p>&nbsp;<\/p>\n<table style=\"width: 100%; border-collapse: collapse; border-style: none; border-color: #000000; background-color: #10ade6;\">\n<tbody>\n<tr>\n<td style=\"width: 100%;\">\n<h3 style=\"text-align: center;\"><span style=\"color: #ffffff;\">PERSONNEL TECHNIQUE ET D&rsquo;ENTRETIEN<\/span><\/h3>\n<\/td>\n<\/tr>\n<\/tbody>\n<\/table>\n<blockquote><p><span style=\"color: #000000;\">David STEIL<\/span><\/p>\n<p><span style=\"color: #000000;\">Jo\u00eblle KLES<\/span><\/p><\/blockquote>\n<p>&nbsp;<\/p>\n<table style=\"width: 100%; border-collapse: collapse; border-style: none; border-color: #000000; background-color: #10ade6;\">\n<tbody>\n<tr>\n<td style=\"width: 100%;\">\n<h3 style=\"text-align: center;\"><span style=\"color: #ffffff;\">A.T.SE.M.<\/span><\/h3>\n<\/td>\n<\/tr>\n<\/tbody>\n<\/table>\n<blockquote>\n<p style=\"text-align: justify;\"><span style=\"color: #000000; font-family: verdana,geneva,sans-serif;\">Ga\u00eblle VAIRELLES<\/span><\/p>\n<\/blockquote>\n<p>&nbsp;<\/p>\n<table style=\"width: 100%; border-collapse: collapse; border-style: none; border-color: #000000; background-color: #10ade6;\">\n<tbody>\n<tr>\n<td style=\"width: 100%;\">\n<h3 style=\"text-align: center;\"><span style=\"color: #ffffff;\">\u00c9QUIPE D&rsquo;ANIMATION CANTINE ET GARDERIE<\/span><\/h3>\n<\/td>\n<\/tr>\n<\/tbody>\n<\/table>\n<blockquote>\n<p style=\"text-align: justify;\"><span style=\"color: #000000; font-family: verdana,geneva,sans-serif;\">B\u00e9n\u00e9dicte SZLAPA (directrice et animatrice)<\/span><\/p>\n<p style=\"text-align: justify;\"><span style=\"color: #000000; font-family: verdana,geneva,sans-serif;\">St\u00e9phane HENRY (animateur adjoint)<\/span><\/p>\n<p style=\"text-align: justify;\"><span style=\"color: #000000; font-family: verdana,geneva,sans-serif;\">Ga\u00eblle VAIRELLES (animatrice)<\/span><\/p>\n<p style=\"text-align: justify;\"><span style=\"color: #000000; font-family: verdana,geneva,sans-serif;\">Marie PACAULT (animatrice)<\/span><\/p>\n<\/blockquote>\n<p>&nbsp;<\/p>\n<table style=\"width: 100%; border-collapse: collapse; border-style: none; border-color: #000000; background-color: #10ade6;\">\n<tbody>\n<tr>\n<td style=\"width: 100%;\">\n<h3 style=\"text-align: center;\"><span style=\"color: #ffffff;\">\u00c9QUIPE D&rsquo;ANIMATION ACM <\/span><\/h3>\n<h3 style=\"text-align: center;\"><span style=\"color: #ffffff;\">(VACANCES ET MERCREDIS R\u00c9CR\u00c9ATIFS)<\/span><\/h3>\n<\/td>\n<\/tr>\n<\/tbody>\n<\/table>\n<blockquote>\n<p style=\"text-align: justify;\"><span style=\"color: #000000; font-family: verdana,geneva,sans-serif;\">B\u00e9n\u00e9dicte SZLAPA (directrice et animatrice)<\/span><\/p>\n<p><span style=\"color: #000000; font-family: verdana,geneva,sans-serif;\">St\u00e9phane HENRY (animateur adjoint)<\/span><\/p>\n<p><span style=\"color: #000000;\">Marie PACAULT (animatrice)<\/span><\/p><\/blockquote>\n","protected":false},"excerpt":{"rendered":"<p>PERSONNEL ADMINISTRATIF Caroline PAQUE Carole CHEVRIER &nbsp; PERSONNEL TECHNIQUE ET D&rsquo;ENTRETIEN David STEIL Jo\u00eblle KLES &nbsp; A.T.SE.M. Ga\u00eblle VAIRELLES &nbsp; \u00c9QUIPE D&rsquo;ANIMATION CANTINE ET GARDERIE B\u00e9n\u00e9dicte SZLAPA (directrice et animatrice) St\u00e9phane HENRY (animateur adjoint) Ga\u00eblle VAIRELLES (animatrice) Marie PACAULT (animatrice) &nbsp; \u00c9QUIPE D&rsquo;ANIMATION ACM (VACANCES ET MERCREDIS R\u00c9CR\u00c9ATIFS) B\u00e9n\u00e9dicte SZLAPA (directrice et animatrice) St\u00e9phane HENRY [&hellip;]<\/p>\n","protected":false},"author":1,"featured_media":0,"parent":0,"menu_order":0,"comment_status":"closed","ping_status":"closed","template":"","meta":{"ngg_post_thumbnail":0},"_links":{"self":[{"href":"https:\/\/maizieres-54550.fr\/index.php?rest_route=\/wp\/v2\/pages\/204"}],"collection":[{"href":"https:\/\/maizieres-54550.fr\/index.php?rest_route=\/wp\/v2\/pages"}],"about":[{"href":"https:\/\/maizieres-54550.fr\/index.php?rest_route=\/wp\/v2\/types\/page"}],"author":[{"embeddable":true,"href":"https:\/\/maizieres-54550.fr\/index.php?rest_route=\/wp\/v2\/users\/1"}],"replies":[{"embeddable":true,"href":"https:\/\/maizieres-54550.fr\/index.php?rest_route=%2Fwp%2Fv2%2Fcomments&post=204"}],"version-history":[{"count":13,"href":"https:\/\/maizieres-54550.fr\/index.php?rest_route=\/wp\/v2\/pages\/204\/revisions"}],"predecessor-version":[{"id":2051,"href":"https:\/\/maizieres-54550.fr\/index.php?rest_route=\/wp\/v2\/pages\/204\/revisions\/2051"}],"wp:attachment":[{"href":"https:\/\/maizieres-54550.fr\/index.php?rest_route=%2Fwp%2Fv2%2Fmedia&parent=204"}],"curies":[{"name":"wp","href":"https:\/\/api.w.org\/{rel}","templated":true}]}}