{"id":212,"date":"2017-10-04T08:13:45","date_gmt":"2017-10-04T08:13:45","guid":{"rendered":"http:\/\/dev-site.maizieres-54550.com\/?page_id=212"},"modified":"2022-06-21T06:42:02","modified_gmt":"2022-06-21T06:42:02","slug":"les-associations","status":"publish","type":"page","link":"https:\/\/maizieres-54550.fr\/?page_id=212","title":{"rendered":"Les associations"},"content":{"rendered":"<hr>\n<p style=\"text-align: center;\"><span style=\"color: #008000; font-family: verdana,geneva,sans-serif;\">ADEM<\/span><\/p>\n<p style=\"text-align: center;\"><span style=\"font-family: verdana,geneva,sans-serif; color: #000000;\">Association de D\u00e9fense de l&rsquo;Environnement de Maizi\u00e8res<\/span><br><span style=\"font-family: verdana,geneva,sans-serif; color: #000000;\"> Pr\u00e9sident : M Jacques BRONNER<\/span><br><span style=\"font-family: verdana,geneva,sans-serif; color: #000000;\"> 58 rue Carnot<\/span><br><span style=\"font-family: verdana,geneva,sans-serif; color: #000000;\"> t\u00e9l : 03.83.52.76.56<br><\/span><\/p>\n<p style=\"text-align: center;\"><span style=\"color: #008000;\">&#8212;&#8212;&#8212;&#8212;&#8212;&#8212;&#8212;&#8212;&#8212;&#8212;&#8212;&#8212;&#8212;&#8212;&#8212;&#8212;&#8212;&#8212;&#8212;&#8212;&#8212;&#8212;&#8212;&#8212;&#8212;&#8212;&#8212;&#8211;<\/span><\/p>\n<p style=\"text-align: center;\"><span style=\"color: #008000; font-family: verdana,geneva,sans-serif;\">ADPM<\/span><\/p>\n<p style=\"text-align: center;\"><span style=\"font-family: verdana,geneva,sans-serif; color: #000000;\">Association de D\u00e9fense du Plateau de Maizi\u00e8res<\/span><br><span style=\"font-family: verdana,geneva,sans-serif; color: #000000;\"> Pr\u00e9sident : M Hubert BALTHAZARD<\/span><br><span style=\"font-family: verdana,geneva,sans-serif; color: #000000;\"> 29 rue des Champs C\u00e9lieux<\/span><\/p>\n<p style=\"text-align: center;\"><span style=\"color: #008000;\">&#8212;&#8212;&#8212;&#8212;&#8212;&#8212;&#8212;&#8212;&#8212;&#8212;&#8212;&#8212;&#8212;&#8212;&#8212;&#8212;&#8212;&#8212;&#8212;&#8212;&#8212;&#8212;&#8212;&#8212;&#8212;&#8212;&#8212;&#8211;<\/span><\/p>\n<p style=\"text-align: center;\"><span style=\"color: #008000; font-family: verdana,geneva,sans-serif;\">Foyer Rural<\/span><\/p>\n<p style=\"text-align: center;\"><span style=\"font-family: verdana,geneva,sans-serif; color: #000000;\">Pr\u00e9sident : M Benjamin GRANDEURY<\/span><br><span style=\"font-family: verdana,geneva,sans-serif; color: #000000;\"> 1 rue des Lilas<\/span><br><span style=\"font-family: verdana,geneva,sans-serif;\"><span style=\"color: #000000;\"> Site internet :<\/span> <a href=\"http:\/\/foyer-rural-maizieres.fr\/\"><span style=\"color: #008000;\">http:\/\/foyer-rural-maizieres.fr\/<\/span><\/a><\/span><\/p>\n<hr>\n<p>&nbsp;<\/p>\n<p style=\"text-align: center;\"><span style=\"color: #008000;\">ACCA de Maizi\u00e8res<\/span><\/p>\n<p style=\"text-align: center;\">Pr\u00e9sident : M GENIN Olivier<\/p>\n\n\n\n","protected":false},"excerpt":{"rendered":"<p>ADEM Association de D\u00e9fense de l&rsquo;Environnement de Maizi\u00e8res Pr\u00e9sident : M Jacques BRONNER 58 rue Carnot t\u00e9l : 03.83.52.76.56 &#8212;&#8212;&#8212;&#8212;&#8212;&#8212;&#8212;&#8212;&#8212;&#8212;&#8212;&#8212;&#8212;&#8212;&#8212;&#8212;&#8212;&#8212;&#8212;&#8212;&#8212;&#8212;&#8212;&#8212;&#8212;&#8212;&#8212;&#8211; ADPM Association de D\u00e9fense du Plateau de Maizi\u00e8res Pr\u00e9sident : M Hubert BALTHAZARD 29 rue des Champs C\u00e9lieux &#8212;&#8212;&#8212;&#8212;&#8212;&#8212;&#8212;&#8212;&#8212;&#8212;&#8212;&#8212;&#8212;&#8212;&#8212;&#8212;&#8212;&#8212;&#8212;&#8212;&#8212;&#8212;&#8212;&#8212;&#8212;&#8212;&#8212;&#8211; Foyer Rural Pr\u00e9sident : M Benjamin GRANDEURY 1 rue des Lilas Site internet : http:\/\/foyer-rural-maizieres.fr\/ &nbsp; [&hellip;]<\/p>\n","protected":false},"author":1,"featured_media":0,"parent":0,"menu_order":0,"comment_status":"closed","ping_status":"closed","template":"","meta":{"ngg_post_thumbnail":0},"_links":{"self":[{"href":"https:\/\/maizieres-54550.fr\/index.php?rest_route=\/wp\/v2\/pages\/212"}],"collection":[{"href":"https:\/\/maizieres-54550.fr\/index.php?rest_route=\/wp\/v2\/pages"}],"about":[{"href":"https:\/\/maizieres-54550.fr\/index.php?rest_route=\/wp\/v2\/types\/page"}],"author":[{"embeddable":true,"href":"https:\/\/maizieres-54550.fr\/index.php?rest_route=\/wp\/v2\/users\/1"}],"replies":[{"embeddable":true,"href":"https:\/\/maizieres-54550.fr\/index.php?rest_route=%2Fwp%2Fv2%2Fcomments&post=212"}],"version-history":[{"count":6,"href":"https:\/\/maizieres-54550.fr\/index.php?rest_route=\/wp\/v2\/pages\/212\/revisions"}],"predecessor-version":[{"id":1724,"href":"https:\/\/maizieres-54550.fr\/index.php?rest_route=\/wp\/v2\/pages\/212\/revisions\/1724"}],"wp:attachment":[{"href":"https:\/\/maizieres-54550.fr\/index.php?rest_route=%2Fwp%2Fv2%2Fmedia&parent=212"}],"curies":[{"name":"wp","href":"https:\/\/api.w.org\/{rel}","templated":true}]}}