{"id":216,"date":"2017-10-04T08:14:14","date_gmt":"2017-10-04T08:14:14","guid":{"rendered":"http:\/\/dev-site.maizieres-54550.com\/?page_id=216"},"modified":"2019-01-24T07:42:42","modified_gmt":"2019-01-24T07:42:42","slug":"renseignements-utiles","status":"publish","type":"page","link":"https:\/\/maizieres-54550.fr\/?page_id=216","title":{"rendered":"Renseignements utiles"},"content":{"rendered":"<hr>\n<p>&nbsp;<\/p>\n<table style=\"height: 107px; background-color: #e1f5d7;\" width=\"770\">\n<tbody>\n<tr>\n<td style=\"width: 334.5px;\">&nbsp;<\/p>\n<p style=\"text-align: center;\"><span style=\"font-family: verdana,geneva,sans-serif; color: #000000;\">INCENDIE<\/span><\/p>\n<p style=\"text-align: center;\"><span style=\"font-family: verdana,geneva,sans-serif; color: #000000;\">Sapeurs pompiers<\/span><\/p>\n<p style=\"text-align: center;\"><span style=\"font-family: verdana,geneva,sans-serif; color: #000000;\">18<\/span><\/p>\n<\/td>\n<td style=\"width: 334.5px;\">&nbsp;<\/p>\n<p style=\"text-align: center;\"><span style=\"font-family: verdana,geneva,sans-serif; color: #000000;\">INFO MISSION LOCALE<\/span><\/p>\n<p style=\"text-align: center;\"><span style=\"font-family: verdana,geneva,sans-serif; color: #000000;\">Une antenne de la mission locale est ouverte tous les jours <\/span><span style=\"font-family: verdana,geneva,sans-serif; color: #000000;\">\u00e0 Neuves-Maisons :<\/span><\/p>\n<p style=\"text-align: center;\"><span style=\"font-family: verdana,geneva,sans-serif; color: #000000;\">48 bis rue du G\u00e9n\u00e9ral Thiry <\/span><br \/>\n<span style=\"font-family: verdana,geneva,sans-serif; color: #000000;\">(ancienne gare SNCF)<\/span><br \/>\n<span style=\"font-family: verdana,geneva,sans-serif; color: #000000;\">de 9h00 \u00e0 11h30 et de 14h00 \u00e0 17h00<\/span><\/p>\n<p style=\"text-align: center;\"><span style=\"font-family: verdana,geneva,sans-serif; color: #000000;\">T\u00e9l : 03.83.47.65.74<\/span><br \/>\n<span style=\"font-family: verdana,geneva,sans-serif; color: #000000;\">\u200b\u200b<\/span><\/p>\n<p style=\"text-align: center;\">&nbsp;<\/p>\n<\/td>\n<\/tr>\n<tr>\n<td style=\"width: 334.5px;\">&nbsp;<\/p>\n<p style=\"text-align: center;\"><span style=\"font-family: verdana,geneva,sans-serif; color: #000000;\">GENDARMERIE<\/span><\/p>\n<p style=\"text-align: center;\"><span style=\"font-family: verdana,geneva,sans-serif; color: #000000;\">Brigade de Neuves-Maisons<\/span><br \/>\n<span style=\"font-family: verdana,geneva,sans-serif; color: #000000;\">58 rue du Capitaine Caillon<\/span><br \/>\n<span style=\"font-family: verdana,geneva,sans-serif; color: #000000;\">T\u00e9l : 03.83.47.80.00<\/span><\/p>\n<\/td>\n<td style=\"width: 334.5px;\">&nbsp;<\/p>\n<p style=\"text-align: center;\"><span style=\"font-family: verdana,geneva,sans-serif; color: #000000;\">ASSISTANTE SOCIALE<\/span><\/p>\n<p style=\"text-align: center;\"><span style=\"font-family: verdana,geneva,sans-serif; color: #000000;\">Centre M\u00e9dico Social<\/span><br \/>\n<span style=\"font-family: verdana,geneva,sans-serif; color: #000000;\">6 rue Jean Jaur\u00e8s<\/span><br \/>\n<span style=\"font-family: verdana,geneva,sans-serif; color: #000000;\">54230 NEUVES-MAISONS<\/span><br \/>\n<span style=\"font-family: verdana,geneva,sans-serif; color: #000000;\">\u200b<\/span><br \/>\n<span style=\"font-family: verdana,geneva,sans-serif; color: #000000;\">Sur rendez-vous en t\u00e9l\u00e9phonant au secr\u00e9tariat T\u00e9l : 03.83.47.19.21<\/span><\/p>\n<p style=\"text-align: center;\"><span style=\"font-family: verdana,geneva,sans-serif; color: #000000;\">Possibilit\u00e9 de visite \u00e0 domicile sur demande.<\/span><\/p>\n<\/td>\n<\/tr>\n<tr>\n<td style=\"width: 334.5px;\">&nbsp;<\/p>\n<p style=\"text-align: center;\"><span style=\"font-family: verdana,geneva,sans-serif; color: #000000;\">SERVICE M\u00c9DICAL DE GARDE<\/span><\/p>\n<p style=\"text-align: center;\"><span style=\"font-family: verdana,geneva,sans-serif; color: #000000;\">Maison m\u00e9dicale de Neuves-Maisons<\/span><\/p>\n<p style=\"text-align: center;\"><span style=\"font-family: verdana,geneva,sans-serif; color: #000000;\">T\u00e9l : 03.83.47.65.65<\/span><\/p>\n<\/td>\n<td style=\"width: 334.5px;\">&nbsp;<\/p>\n<p style=\"text-align: center;\"><span style=\"font-family: verdana,geneva,sans-serif; color: #000000;\">ADIL 54<\/span><\/p>\n<p style=\"text-align: center;\"><span style=\"font-family: verdana,geneva,sans-serif; color: #000000;\">Agence d\u00e9partementale d&rsquo;information sur le logement<\/span><br \/>\n<span style=\"font-family: verdana,geneva,sans-serif; color: #000000;\">48 rue du Sergent Blandan -54000 NANCY<\/span><\/p>\n<p style=\"text-align: center;\"><span style=\"font-family: verdana,geneva,sans-serif; color: #000000;\">T\u00e9l : 03.83.27.62.72<\/span><\/p>\n<\/td>\n<\/tr>\n<tr>\n<td style=\"width: 334.5px;\">&nbsp;<\/p>\n<p style=\"text-align: center;\"><span style=\"font-family: verdana,geneva,sans-serif; color: #000000;\">PHARMACIE DE GARDE<\/span><\/p>\n<p style=\"text-align: center;\"><span style=\"font-family: verdana,geneva,sans-serif; color: #000000;\">32 37<\/span><\/p>\n<\/td>\n<td style=\"width: 334.5px;\">&nbsp;<\/p>\n<p style=\"text-align: center;\"><span style=\"font-family: verdana,geneva,sans-serif; color: #000000;\">POLE EMPLOI &#8211; INFO RSA<\/span><\/p>\n<p style=\"text-align: center;\"><span style=\"font-family: verdana,geneva,sans-serif; color: #000000;\">S&rsquo;adresser \u00e0 Espace emploi (ancienne gare de Neuves-Maisons).<\/span><br \/>\n<span style=\"font-family: verdana,geneva,sans-serif; color: #000000;\">Pour effectuer un test d&rsquo;\u00e9ligibilit\u00e9 (fournir les revenus des trois<\/span><br \/>\n<span style=\"font-family: verdana,geneva,sans-serif; color: #000000;\">derniers mois) ou t\u00e9l\u00e9phoner \u00e0 votre CAF.<\/span><\/p>\n<p style=\"text-align: center;\"><span style=\"font-family: verdana,geneva,sans-serif; color: #000000;\">48 bis rue du G\u00e9n\u00e9ral Thiry<\/span><br \/>\n<span style=\"font-family: verdana,geneva,sans-serif; color: #000000;\">54230 NEUVES-MAISONS<\/span><\/p>\n<p style=\"text-align: center;\"><span style=\"font-family: verdana,geneva,sans-serif; color: #000000;\">Du lundi au vendredi de 9h \u00e0 12 h et de 14h \u00e0 17h<\/span><br \/>\n<span style=\"font-family: verdana,geneva,sans-serif; color: #000000;\">(sauf mardi et vendredi apr\u00e8s-midi)<\/span><\/p>\n<\/td>\n<\/tr>\n<tr>\n<td style=\"width: 334.5px;\">&nbsp;<\/p>\n<p style=\"text-align: center;\"><span style=\"font-family: verdana,geneva,sans-serif; color: #000000;\">POSTE \u00e0 Maizi\u00e8res<\/span><\/p>\n<p style=\"text-align: center;\"><span style=\"font-family: verdana,geneva,sans-serif; color: #000000;\">Relev\u00e9 de la bo\u00eete aux lettres <\/span><br \/>\n<span style=\"font-family: verdana,geneva,sans-serif; color: #000000;\">(\u00e0 c\u00f4t\u00e9 de la mairie)<\/span><\/p>\n<p style=\"text-align: center;\"><span style=\"font-family: verdana,geneva,sans-serif; color: #000000;\">tous les jours \u00e0 9 h , sauf le samedi<\/span><\/p>\n<p style=\"text-align: center;\">&nbsp;<\/p>\n<\/td>\n<td style=\"width: 334.5px;\">&nbsp;<\/p>\n<p style=\"text-align: center;\"><span style=\"font-family: verdana,geneva,sans-serif; color: #000000;\">ADIL 54<\/span><\/p>\n<p style=\"text-align: center;\"><span style=\"font-family: verdana,geneva,sans-serif; color: #000000;\">Agence d\u00e9partementale d&rsquo;information sur le logement<\/span><br \/>\n<span style=\"font-family: verdana,geneva,sans-serif; color: #000000;\">48 rue du Sergent Blandan -54000 NANCY<\/span><\/p>\n<p style=\"text-align: center;\"><span style=\"font-family: verdana,geneva,sans-serif; color: #000000;\">T\u00e9l : 03.83.27.62.72<\/span><\/p>\n<p>&nbsp;<\/td>\n<\/tr>\n<tr>\n<td style=\"width: 334.5px;\">\n<p style=\"text-align: center;\"><span style=\"font-family: verdana,geneva,sans-serif; color: #000000;\">EST R\u00c9PUBLICAIN<\/span><\/p>\n<p style=\"text-align: center;\"><span style=\"font-family: verdana,geneva,sans-serif; color: #000000;\">Correspondant : \u00e0 venir<\/span><\/p>\n<\/td>\n<td style=\"width: 334.5px;\">&nbsp;<\/p>\n<p style=\"text-align: center;\"><span style=\"font-family: verdana,geneva,sans-serif; color: #000000;\">PORTEUR DE JOURNAUX<\/span><\/p>\n<p style=\"text-align: center;\"><span style=\"font-family: verdana,geneva,sans-serif; color: #000000;\">M. Eric MAHU<\/span><br \/>\n<span style=\"font-family: verdana,geneva,sans-serif; color: #000000;\">92 rue Carnot<\/span><br \/>\n<span style=\"font-family: verdana,geneva,sans-serif; color: #000000;\">54550 MAIZIERES<\/span><\/p>\n<p style=\"text-align: center;\"><span style=\"font-family: verdana,geneva,sans-serif; color: #000000;\">T\u00e9l : 03.83.52.77.83<\/span><\/p>\n<\/td>\n<\/tr>\n<\/tbody>\n<\/table>\n<p>&nbsp;<\/p>\n<p>&nbsp;<\/p>\n<p>&nbsp;<\/p>\n<p>&nbsp;<\/p>\n","protected":false},"excerpt":{"rendered":"<p>&nbsp; &nbsp; INCENDIE Sapeurs pompiers 18 &nbsp; INFO MISSION LOCALE Une antenne de la mission locale est ouverte tous les jours \u00e0 Neuves-Maisons : 48 bis rue du G\u00e9n\u00e9ral Thiry (ancienne gare SNCF) de 9h00 \u00e0 11h30 et de 14h00 \u00e0 17h00 T\u00e9l : 03.83.47.65.74 \u200b\u200b &nbsp; &nbsp; GENDARMERIE Brigade de Neuves-Maisons 58 rue du [&hellip;]<\/p>\n","protected":false},"author":1,"featured_media":0,"parent":0,"menu_order":0,"comment_status":"closed","ping_status":"closed","template":"","meta":{"ngg_post_thumbnail":0},"_links":{"self":[{"href":"https:\/\/maizieres-54550.fr\/index.php?rest_route=\/wp\/v2\/pages\/216"}],"collection":[{"href":"https:\/\/maizieres-54550.fr\/index.php?rest_route=\/wp\/v2\/pages"}],"about":[{"href":"https:\/\/maizieres-54550.fr\/index.php?rest_route=\/wp\/v2\/types\/page"}],"author":[{"embeddable":true,"href":"https:\/\/maizieres-54550.fr\/index.php?rest_route=\/wp\/v2\/users\/1"}],"replies":[{"embeddable":true,"href":"https:\/\/maizieres-54550.fr\/index.php?rest_route=%2Fwp%2Fv2%2Fcomments&post=216"}],"version-history":[{"count":6,"href":"https:\/\/maizieres-54550.fr\/index.php?rest_route=\/wp\/v2\/pages\/216\/revisions"}],"predecessor-version":[{"id":887,"href":"https:\/\/maizieres-54550.fr\/index.php?rest_route=\/wp\/v2\/pages\/216\/revisions\/887"}],"wp:attachment":[{"href":"https:\/\/maizieres-54550.fr\/index.php?rest_route=%2Fwp%2Fv2%2Fmedia&parent=216"}],"curies":[{"name":"wp","href":"https:\/\/api.w.org\/{rel}","templated":true}]}}