{"id":261,"date":"2017-10-04T08:31:33","date_gmt":"2017-10-04T08:31:33","guid":{"rendered":"http:\/\/dev-site.maizieres-54550.com\/?page_id=261"},"modified":"2018-07-25T15:07:39","modified_gmt":"2018-07-25T15:07:39","slug":"son-blason","status":"publish","type":"page","link":"https:\/\/maizieres-54550.fr\/?page_id=261","title":{"rendered":"Son blason"},"content":{"rendered":"<hr>\n<p><img decoding=\"async\" loading=\"lazy\" class=\"wp-image-366 aligncenter\" src=\"http:\/\/dev-site.maizieres-54550.com\/wp-content\/uploads\/2017\/10\/blazon-3-maizieres.bmp\" alt=\"\" width=\"87\" height=\"112\"><\/p>\n<p style=\"text-align: justify;\"><span style=\"font-family: verdana,geneva,sans-serif; color: #000000;\">L\u2019histoire du blason est fortement li\u00e9e \u00e0 la construction de la salle polyvalente dont l\u2019origine se r\u00e9sume ainsi :<\/span><\/p>\n<p style=\"text-align: justify;\"><span style=\"font-family: verdana,geneva,sans-serif; color: #000000;\">30-07-1985 Lancement de la r\u00e9alisation d\u2019une Salle socio-\u00e9ducative et sportive<\/span><br \/>\n<span style=\"font-family: verdana,geneva,sans-serif; color: #000000;\"> 22-11-1986 Appel d&rsquo;offres pour la r\u00e9alisation de la salle polyvalente<\/span><br \/>\n<span style=\"font-family: verdana,geneva,sans-serif; color: #000000;\"> 10-12-1986 R\u00e9alisation de la salle polyvalente<\/span><br \/>\n<span style=\"font-family: verdana,geneva,sans-serif; color: #000000;\"> 1987 Inauguration de la \u00ab\u00a0salle des sports\u00a0\u00bb polyvalente<\/span><\/p>\n<p style=\"text-align: justify;\"><span style=\"font-family: verdana,geneva,sans-serif; color: #000000;\">Pour marquer cette date et cette r\u00e9alisation, une id\u00e9e va germer dans la t\u00eate&nbsp; du pr\u00e9sident&nbsp; du Foyer Rural&nbsp; de l&rsquo;\u00e9poque \u00ab\u00a0Gilles THOMASSIN\u00a0\u00bb, ce sera la r\u00e9alisation d\u2019un blason qui sera retenue. C\u2019est \u00e0 partir de son histoire et de son pass\u00e9 que va s\u2019appuyer la r\u00e9alisation de cet embl\u00e8me communal. La validation sera faite par le conseil municipal<br \/>\nChacune de ses parties rappelle soit l\u2019appartenance, soit le caract\u00e8re de la commune et \u00eatre \u00e9galement un symbole du pass\u00e9 de la localit\u00e9.<br \/>\nDe gauche \u00e0 droite, et de haut en bas regardons les embl\u00e8mes et leur signification&nbsp;:<\/span><\/p>\n<p style=\"text-align: justify;\"><span style=\"font-family: verdana,geneva,sans-serif; color: #000000;\">Le Chardon Lorrain l\u2019appartenance \u00e0 la lorraine et au monde rural<\/span><br \/>\n<span style=\"font-family: verdana,geneva,sans-serif; color: #000000;\"> Le T l\u2019appartenance de MAIZIERES \u00e0 l\u2019\u00e9v\u00each\u00e9 de TOUL, dont elle fut chef lieu d\u2019une ch\u00e2tellenie du VII au XVI\u00e8me Si\u00e8cle.<\/span><br \/>\n<span style=\"font-family: verdana,geneva,sans-serif; color: #000000;\"> La fleur de lys le rattachement au royaume de France en 1559<\/span><br \/>\n<span style=\"font-family: verdana,geneva,sans-serif; color: #000000;\"> Le lion symbole de force apparait sur plusieurs embl\u00e8mes de familles de MAIZIERES<\/span><\/p>\n<p style=\"text-align: justify;\"><span style=\"font-family: verdana,geneva,sans-serif; color: #000000;\">Et la signification des couleurs :<\/span><\/p>\n<p style=\"text-align: center;\"><span style=\"font-family: verdana,geneva,sans-serif; color: #000000;\">Le noir la prudence<\/span><br \/>\n<span style=\"font-family: verdana,geneva,sans-serif; color: #000000;\"> L\u2019or foi et g\u00e9n\u00e9rosit\u00e9 couleur du champ de l\u2019\u00e9cusson (fond)<\/span><\/p>\n<p style=\"text-align: center;\"><span style=\"font-family: verdana,geneva,sans-serif; color: #000000;\">Le rouge (Queules) charit\u00e9 et courage couleur du chevron<\/span><\/p>\n","protected":false},"excerpt":{"rendered":"<p>L\u2019histoire du blason est fortement li\u00e9e \u00e0 la construction de la salle polyvalente dont l\u2019origine se r\u00e9sume ainsi : 30-07-1985 Lancement de la r\u00e9alisation d\u2019une Salle socio-\u00e9ducative et sportive 22-11-1986 Appel d&rsquo;offres pour la r\u00e9alisation de la salle polyvalente 10-12-1986 R\u00e9alisation de la salle polyvalente 1987 Inauguration de la \u00ab\u00a0salle des sports\u00a0\u00bb polyvalente Pour marquer [&hellip;]<\/p>\n","protected":false},"author":1,"featured_media":0,"parent":0,"menu_order":0,"comment_status":"closed","ping_status":"closed","template":"","meta":{"ngg_post_thumbnail":0},"_links":{"self":[{"href":"https:\/\/maizieres-54550.fr\/index.php?rest_route=\/wp\/v2\/pages\/261"}],"collection":[{"href":"https:\/\/maizieres-54550.fr\/index.php?rest_route=\/wp\/v2\/pages"}],"about":[{"href":"https:\/\/maizieres-54550.fr\/index.php?rest_route=\/wp\/v2\/types\/page"}],"author":[{"embeddable":true,"href":"https:\/\/maizieres-54550.fr\/index.php?rest_route=\/wp\/v2\/users\/1"}],"replies":[{"embeddable":true,"href":"https:\/\/maizieres-54550.fr\/index.php?rest_route=%2Fwp%2Fv2%2Fcomments&post=261"}],"version-history":[{"count":7,"href":"https:\/\/maizieres-54550.fr\/index.php?rest_route=\/wp\/v2\/pages\/261\/revisions"}],"predecessor-version":[{"id":665,"href":"https:\/\/maizieres-54550.fr\/index.php?rest_route=\/wp\/v2\/pages\/261\/revisions\/665"}],"wp:attachment":[{"href":"https:\/\/maizieres-54550.fr\/index.php?rest_route=%2Fwp%2Fv2%2Fmedia&parent=261"}],"curies":[{"name":"wp","href":"https:\/\/api.w.org\/{rel}","templated":true}]}}