{"id":263,"date":"2017-10-04T08:31:47","date_gmt":"2017-10-04T08:31:47","guid":{"rendered":"http:\/\/dev-site.maizieres-54550.com\/?page_id=263"},"modified":"2020-04-01T07:34:00","modified_gmt":"2020-04-01T07:34:00","slug":"son-histoire","status":"publish","type":"page","link":"https:\/\/maizieres-54550.fr\/?page_id=263","title":{"rendered":"Son histoire"},"content":{"rendered":"<hr>\n<p style=\"text-align: justify;\"><span style=\"font-family: verdana,geneva,sans-serif; color: #000000;\">Village au cachet typiquement lorrain, les rues de MAIZIERES, offrent le spectacle, commun aux villages de Lorraine, de ses maisons maladroitement align\u00e9es et g\u00e9n\u00e9ralement rendues solidaires par des murs mitoyens. La conception de ces maisons soud\u00e9es ensemble, remonte a un pass\u00e9 ou les dangers, les ruines et la pauvret\u00e9 proscrivaient l&rsquo;ind\u00e9pendance des b\u00e2tisses isol\u00e9es. Par contre, on observe que les maisons construites depuis une soixantaine d&rsquo;ann\u00e9es \u00e0 MAIZIERES sont affranchies des contigu\u00eft\u00e9s si en usage autrefois.<\/span><\/p>\n<p><span style=\"font-family: verdana,geneva,sans-serif; color: #000000;\"> Les Appellations contr\u00f4l\u00e9es<\/span><\/p>\n<p><span style=\"font-family: verdana,geneva,sans-serif; color: #000000;\"> Le nom de MAIZIERES, d&rsquo;origine romane, est tir\u00e9 du vocable latin \u00ab\u00a0MACERIU\u00a0\u00bb, signifiant murailles, murs de cl\u00f4tures, murs de pierres s\u00e8ches. Pour nous, MACERIE, \u00e9voque l&rsquo;id\u00e9e de murailles en ruines de masures laiss\u00e9es derri\u00e8re elles, par les invasions barbares du Moyen-\u00c2ge (invasions normandes et hongroises des 9\u00b0 et 10\u00b0 si\u00e8cles). A remarquer que les maisons ruin\u00e9es \u00e0 la suite de guerres, sont d\u00e9sign\u00e9es A MAIZIERES sur des manuscrits des 16\u00b0 et 17\u00b0 si\u00e8cles, sous les termes de\u00a0\u00bbmazures\u00a0\u00bb, \u00ab\u00a0Maizi\u00e8res\u00a0\u00bb,\u00a0\u00bbmesieres\u00a0\u00bb, etc &#8230; On retrouve MACERIE dans les Pouill\u00e9s du dioc\u00e8se de Toul, chap. XXIII par le P. Beno\u00eet-Picard, avec pour indication que le patron de la paroisse est \u00ab\u00a0la Nativit\u00e9 de Notre-Dame\u00a0\u00bb.<\/span><\/p>\n<p><span style=\"font-family: verdana,geneva,sans-serif; color: #000000;\"> L&rsquo;addition des mots\u00a0\u00bbles Toul\u00a0\u00bb au nom de MAIZIERES remonte vraisemblablement au milieu du 19\u00b0 si\u00e8cle, MAIZIERES en Moselle ayant dit s&rsquo;appeler les Metz, en vertu d&rsquo;une ordonnance royale dat\u00e9e du 30 Mai 1847. Il est correct d&rsquo;\u00e9crire MAIZIERES lez-Toul aussi bien que MAIZIERES-les-Toul.<\/span><\/p>\n<p><span style=\"font-family: verdana,geneva,sans-serif; color: #000000;\"> En patois, MAIZIERES se pronon\u00e7ait \u00ab\u00a0MAHERES\u00a0\u00bb et se voit d\u00e9sign\u00e9 par Maherus dans un titre en latin remontant a 1196.<\/span><\/p>\n<p><span style=\"font-family: verdana,geneva,sans-serif; color: #000000;\"> Enfin, le manuscrit en latin de la Biblioth\u00e8que Nationale n\u00b0 5208, contient un pouill\u00e9 ant\u00e9rieur de 309 ans \u00e0 celui du P. Beno\u00eet-Picard, formant le tome 8 du Recueil de Documents lorrains qui fut publie par la Soci\u00e9t\u00e9 d&rsquo;arch\u00e9ologie Lorraine.<\/span><\/p>\n<p><span style=\"font-family: verdana,geneva,sans-serif; color: #000000;\"> On lit a la page 8 de ce tome : Parmi les paroisses d\u00e9pendant de la Coll\u00e9giale de Vaudemont&nbsp;&nbsp; &nbsp;\u00ab\u00a0MARSERICE\u00a0\u00bb<\/span><\/p>\n<p><span style=\"font-family: verdana,geneva,sans-serif; color: #000000;\"> Disons aussi qu&rsquo;une fouille pratiqu\u00e9e, lieu-dit \u00ab\u00a0Aux Herbues\u00a0\u00bb en 1889, livra des morceaux de tuiles \u00e9paisses et des fragments de poteries. Enfin, il y avait, vers l&rsquo;angle oriental de la for\u00eat de la Voivre, l\u00e0 ou l&rsquo;on a retrouv\u00e9 des constructions, un jardin o\u00f9 les traces d&rsquo;un enclos qui fut pris pour un jardin (ancien Cadastre, lieux-dits \u00ab\u00a0Petite Etrinchamp\u00a0\u00bbet \u00ab\u00a0Sur le Maix de Gompr\u00e9\u00a0\u00bb).<\/span><\/p>\n<p><span style=\"font-family: verdana,geneva,sans-serif; color: #000000;\"> On peut \u00eatre intrigu\u00e9 par la pr\u00e9sence de trois mares \u2013 \u00e0 peu pr\u00e8s combl\u00e9es aujourd&rsquo;hui- qui se trouvaient sur un lieu \u00e9lev\u00e9, derri\u00e8re la fort de la Voivre (lieu-dit \u00ab\u00a0La Neuve-Fin\u00a0\u00bb); or, les villages gaulois disposaient souvent de trois mares.<\/span><\/p>\n<p><span style=\"font-family: verdana,geneva,sans-serif; color: #000000;\"> Enfin, l&rsquo;objet attestant la pr\u00e9sence de l&rsquo;homme sur le territoire de MAIZIERES, depuis une \u00e9poque fort recul\u00e9e, est une hache en silex, d\u00e9couverte vers 1900 au lieu-dit \u00ab\u00a0La Louvi\u00e8re\u00a0\u00bb.<\/span><\/p>\n\n\n<p><span style=\"color: #000000;\">Dans son histoire le secteur de MAIZIERES a connu quelques <a href=\"http:\/\/maizieres-54550.fr\/?page_id=1026\" target=\"_blank\" rel=\"noopener noreferrer\" data-wplink-edit=\"true\">pand\u00e9mies remarquables<\/a><\/span><a href=\"http:\/\/maizieres-54550.fr\/?page_id=1026\" target=\"_blank\" rel=\"noopener noreferrer\"> <!--more--><\/a><\/p>\n","protected":false},"excerpt":{"rendered":"<p>Village au cachet typiquement lorrain, les rues de MAIZIERES, offrent le spectacle, commun aux villages de Lorraine, de ses maisons maladroitement align\u00e9es et g\u00e9n\u00e9ralement rendues solidaires par des murs mitoyens. La conception de ces maisons soud\u00e9es ensemble, remonte a un pass\u00e9 ou les dangers, les ruines et la pauvret\u00e9 proscrivaient l&rsquo;ind\u00e9pendance des b\u00e2tisses isol\u00e9es. Par [&hellip;]<\/p>\n","protected":false},"author":1,"featured_media":0,"parent":0,"menu_order":0,"comment_status":"closed","ping_status":"closed","template":"","meta":{"ngg_post_thumbnail":0},"_links":{"self":[{"href":"https:\/\/maizieres-54550.fr\/index.php?rest_route=\/wp\/v2\/pages\/263"}],"collection":[{"href":"https:\/\/maizieres-54550.fr\/index.php?rest_route=\/wp\/v2\/pages"}],"about":[{"href":"https:\/\/maizieres-54550.fr\/index.php?rest_route=\/wp\/v2\/types\/page"}],"author":[{"embeddable":true,"href":"https:\/\/maizieres-54550.fr\/index.php?rest_route=\/wp\/v2\/users\/1"}],"replies":[{"embeddable":true,"href":"https:\/\/maizieres-54550.fr\/index.php?rest_route=%2Fwp%2Fv2%2Fcomments&post=263"}],"version-history":[{"count":11,"href":"https:\/\/maizieres-54550.fr\/index.php?rest_route=\/wp\/v2\/pages\/263\/revisions"}],"predecessor-version":[{"id":1067,"href":"https:\/\/maizieres-54550.fr\/index.php?rest_route=\/wp\/v2\/pages\/263\/revisions\/1067"}],"wp:attachment":[{"href":"https:\/\/maizieres-54550.fr\/index.php?rest_route=%2Fwp%2Fv2%2Fmedia&parent=263"}],"curies":[{"name":"wp","href":"https:\/\/api.w.org\/{rel}","templated":true}]}}