{"id":677,"date":"2018-07-18T13:21:58","date_gmt":"2018-07-18T13:21:58","guid":{"rendered":"http:\/\/maizieres-54550.fr\/?page_id=677"},"modified":"2018-08-03T06:00:19","modified_gmt":"2018-08-03T06:00:19","slug":"les-transports-2","status":"publish","type":"page","link":"https:\/\/maizieres-54550.fr\/?page_id=677","title":{"rendered":"Les transports"},"content":{"rendered":"<p><img decoding=\"async\" loading=\"lazy\" class=\"wp-image-432 aligncenter\" src=\"http:\/\/dev-site.maizieres-54550.com\/wp-content\/uploads\/2017\/10\/tmm.png\" alt=\"\" width=\"133\" height=\"94\"><\/p>\n<p>Le T&rsquo;MM (Transport en Moselle et Madon) est compos\u00e9 de cinq lignes r\u00e9guli\u00e8res : A, B, C, D et E. Ce service fonctionne toute l&rsquo;ann\u00e9e du lundi au samedi, hors jours f\u00e9ri\u00e9s. Il dessert les centres de vie et les zones \u00e9conomiques tout en assurant des correspondances avec le train et le r\u00e9seau Stan.<\/p>\n<ul>\n<li>Ligne A &#8211; Chaligny &#8211; Pierreville<\/li>\n<li>Ligne B &#8211; Flavigny &#8211; Pont Saint Vincent<\/li>\n<li>Ligne C &#8211; CHU Brabois &#8211; Viterne<\/li>\n<li>Ligne D &#8211; Th\u00e9lod &#8211; Neuves-Maisons<\/li>\n<li>Ligne E &#8211; Pulligny &#8211; Neuves-Maisons<\/li>\n<\/ul>\n<p>Pour tous renseignements : <a href=\"http:\/\/www.cc-mosellemadon.fr\/page\/tmm\">Communaut\u00e9 de Communes Moselle Madon <\/a><\/p>\n<p>&nbsp;<\/p>\n<p><img decoding=\"async\" loading=\"lazy\" class=\"size-full wp-image-437 aligncenter\" src=\"http:\/\/dev-site.maizieres-54550.com\/wp-content\/uploads\/2017\/10\/sub.png\" alt=\"\" width=\"120\" height=\"98\"><\/p>\n<p>&nbsp;<\/p>\n<p>La ligne suburbaine 512 dessert les communes de Bainville-sur-Madon, Pont-Saint-Vincent, Chaligny, Neuves-Maisons et Chavigny en direction du Grand Nancy.<\/p>\n<p>Plans, horaires, tarifs, points de vente<\/p>\n<p><a href=\"http:\/\/www.reseausub.fr\/\">http:\/\/www.reseausub.fr\/<\/a><br \/>\nAlloSUb au 0811 444 854 (co\u00fbt d&rsquo;un appel local) du lundi au vendredi de 7h00 \u00e0 19h30 et le samedi de 9h00 \u00e0 18h00.<\/p>\n<p>&nbsp;<\/p>\n<p><img decoding=\"async\" loading=\"lazy\" class=\"alignnone size-full wp-image-440 aligncenter\" src=\"http:\/\/dev-site.maizieres-54550.com\/wp-content\/uploads\/2017\/10\/ted.png\" alt=\"\" width=\"120\" height=\"58\"><\/p>\n<p>Organis\u00e9es par la R\u00e9gion Grand Est, 3 lignes r\u00e9guli\u00e8res et 1 ligne de transport \u00e0 la demande sur r\u00e9servation des Transports en d\u00e9partement TED traversent Moselle et Madon.<\/p>\n<p>Il est compos\u00e9 des lignes suivantes :<\/p>\n<ul>\n<li>Ligne R 510 : Sexey-aux-Forges &#8211; Nancy<\/li>\n<li>Ligne R 570 : Favi\u00e8res \u2013 Nancy<\/li>\n<li>Ligne R 590 : Germonville &#8211; Frolois &#8211; M\u00e9r\u00e9ville \u2013 Nancy<\/li>\n<li>Ligne D 580 : Grimonviller \u2013 Nancy<\/li>\n<\/ul>\n<p>Plans, horaires, tarifs, points de vente<\/p>\n<p><a href=\"https:\/\/www.simplicim-lorraine.eu\/fr\/part6\/le-reseau\/34\">https:\/\/www.simplicim-lorraine.eu\/fr\/part6\/le-reseau\/34<\/a><br \/>\nT\u00e9l. : 0820 20 54 54 (N\u00b0indigo) du lundi au samedi de 7h00 \u00e0 19h30.<\/p>\n<p>&nbsp;<\/p>\n<p><img decoding=\"async\" loading=\"lazy\" class=\"alignnone size-full wp-image-442 aligncenter\" src=\"http:\/\/dev-site.maizieres-54550.com\/wp-content\/uploads\/2017\/10\/ter.png\" alt=\"\" width=\"120\" height=\"60\"><\/p>\n<p>&nbsp;<\/p>\n<p>TER, organis\u00e9 par la r\u00e9gion Lorraine, il dessert 6 communes du territoire : Messein, Neuves-Maisons, Pont-Saint-Vincent, Bainville-sur-Madon, Xeuilley, Pierreville et Pulligny sur la ligne 06 Nancy &#8211; Merrey.<\/p>\n<p>La gare de Pont-Saint-Vincent vous simplifie la vie !<\/p>\n<p>Un conseiller en voyages vous accueille au guichet de vente ouvert du lundi au vendredi de 9h10 \u00e0 11h30 et de 13h15 \u00e0 18h10.<\/p>\n<p>Plans, horaires, tarifs, points de vente<\/p>\n<p><a href=\"http:\/\/www.ter.sncf.com\/lorraine\/\">http:\/\/www.ter.sncf.com\/lorraine\/<\/a><\/p>\n","protected":false},"excerpt":{"rendered":"<p>Le T&rsquo;MM (Transport en Moselle et Madon) est compos\u00e9 de cinq lignes r\u00e9guli\u00e8res : A, B, C, D et E. Ce service fonctionne toute l&rsquo;ann\u00e9e du lundi au samedi, hors jours f\u00e9ri\u00e9s. Il dessert les centres de vie et les zones \u00e9conomiques tout en assurant des correspondances avec le train et le r\u00e9seau Stan. Ligne [&hellip;]<\/p>\n","protected":false},"author":1,"featured_media":0,"parent":0,"menu_order":0,"comment_status":"closed","ping_status":"closed","template":"","meta":{"ngg_post_thumbnail":0},"_links":{"self":[{"href":"https:\/\/maizieres-54550.fr\/index.php?rest_route=\/wp\/v2\/pages\/677"}],"collection":[{"href":"https:\/\/maizieres-54550.fr\/index.php?rest_route=\/wp\/v2\/pages"}],"about":[{"href":"https:\/\/maizieres-54550.fr\/index.php?rest_route=\/wp\/v2\/types\/page"}],"author":[{"embeddable":true,"href":"https:\/\/maizieres-54550.fr\/index.php?rest_route=\/wp\/v2\/users\/1"}],"replies":[{"embeddable":true,"href":"https:\/\/maizieres-54550.fr\/index.php?rest_route=%2Fwp%2Fv2%2Fcomments&post=677"}],"version-history":[{"count":4,"href":"https:\/\/maizieres-54550.fr\/index.php?rest_route=\/wp\/v2\/pages\/677\/revisions"}],"predecessor-version":[{"id":777,"href":"https:\/\/maizieres-54550.fr\/index.php?rest_route=\/wp\/v2\/pages\/677\/revisions\/777"}],"wp:attachment":[{"href":"https:\/\/maizieres-54550.fr\/index.php?rest_route=%2Fwp%2Fv2%2Fmedia&parent=677"}],"curies":[{"name":"wp","href":"https:\/\/api.w.org\/{rel}","templated":true}]}}