{"id":719,"date":"2018-07-25T12:17:52","date_gmt":"2018-07-25T12:17:52","guid":{"rendered":"http:\/\/maizieres-54550.fr\/?page_id=719"},"modified":"2020-08-19T08:31:48","modified_gmt":"2020-08-19T08:31:48","slug":"compostage","status":"publish","type":"page","link":"https:\/\/maizieres-54550.fr\/?page_id=719","title":{"rendered":"Compostage"},"content":{"rendered":"<table style=\"width: 100%; border-collapse: collapse; border-style: none; border-color: #000000; background-color: #10ade6;\">\n<tbody>\n<tr>\n<td style=\"width: 100%;\">\n<h3 style=\"text-align: center;\"><span style=\"color: #ffffff;\">POURQUOI COMPOSTER ?<\/span><\/h3>\n<\/td>\n<\/tr>\n<\/tbody>\n<\/table>\n<blockquote><p>&nbsp;<\/p>\n<ul>\n<li><span style=\"color: #000000;\">Pour am\u00e9liorer la fertilit\u00e9 de votre jardin<\/span><\/li>\n<li class=\"Style9\" style=\"text-align: justify;\"><span style=\"color: #000000;\">All\u00e9ger votre poubelle<\/span><\/li>\n<li class=\"Style9\" style=\"text-align: justify;\"><span style=\"color: #000000;\">Et participer \u00e0 la protection de l&rsquo;environnement<\/span><\/li>\n<\/ul>\n<p align=\"justify\">&nbsp;<\/p>\n<p class=\"bodyText Style9\" style=\"text-align: justify;\" align=\"justify\"><span style=\"color: #000000;\">Une plateforme de compostage est mise \u00e0 disposition des habitants des <span style=\"font-size: 14pt;\"><strong>Communes de MAIZIERES &amp; XEUILLEY<\/strong><\/span> \u00e0 la sortie de MAIZIERES sur la ROUTE DE XEUILLEY apr\u00e8s le terrain de Football ; afin de capturer la mati\u00e8re au plus pr\u00e8s de sa source.<\/span><br \/>\n<span style=\"color: #000000;\">Cette plateforme permet de recevoir les d\u00e9chets verts tontes, tailles d&rsquo;arbres et arbustes, feuilles,&#8230; le diam\u00e8tre des branchages est limit\u00e9 \u00e0 10 centim\u00e8tres.<\/span><br \/>\n<span style=\"color: #000000;\">Son acc\u00e8s est r\u00e9glement\u00e9, l&rsquo;acc\u00e8s aux professionnels est interdit.<\/span><br \/>\n<span style=\"color: #000000;\">Des op\u00e9rations de broyage et brassage des tas sont r\u00e9guli\u00e8rement entreprises, la mati\u00e8re est restitu\u00e9e sous forme de compost apr\u00e8s criblage et mis \u00e0 disposition uniquement \u00e0 l&rsquo;entr\u00e9e de la plateforme.<\/span><\/p>\n<p align=\"justify\"><a href=\"http:\/\/maizieres-54550.fr\/wp-content\/uploads\/2020\/07\/PV-dcm-38-2020-R\u00e8glement-int\u00e9rieur-de-la-plateforme-de-compostage-annexe.pdf\" target=\"_blank\" rel=\"noopener noreferrer\">R\u00e8glement de la plateforme de compostage<\/a><\/p>\n<p align=\"justify\"><a href=\"http:\/\/maizieres-54550.fr\/wp-content\/uploads\/2020\/07\/3910_001.pdf\" target=\"_blank\" rel=\"noopener noreferrer\">Analyse du compost<\/a><\/p>\n<p align=\"justify\"><a href=\"http:\/\/maizieres-54550.fr\/wp-content\/uploads\/2020\/08\/Comment-utiliser-le-compost.pdf\" target=\"_blank\" rel=\"noopener noreferrer\">Comment utiliser le compost ?<\/a><\/p>\n<\/blockquote>\n<p align=\"justify\">&nbsp;<\/p>\n<div style=\"width: 678px;\" class=\"wp-video\"><!--[if lt IE 9]><script>document.createElement('video');<\/script><![endif]-->\n<video class=\"wp-video-shortcode\" id=\"video-719-1\" width=\"678\" height=\"542\" preload=\"metadata\" controls=\"controls\"><source type=\"video\/mp4\" src=\"http:\/\/dev-site.maizieres-54550.com\/wp-content\/uploads\/2018\/02\/Criblage-1.mp4?_=1\" \/><a href=\"http:\/\/dev-site.maizieres-54550.com\/wp-content\/uploads\/2018\/02\/Criblage-1.mp4\">http:\/\/dev-site.maizieres-54550.com\/wp-content\/uploads\/2018\/02\/Criblage-1.mp4<\/a><\/video><\/div>\n","protected":false},"excerpt":{"rendered":"<p>POURQUOI COMPOSTER ? &nbsp; Pour am\u00e9liorer la fertilit\u00e9 de votre jardin All\u00e9ger votre poubelle Et participer \u00e0 la protection de l&rsquo;environnement &nbsp; Une plateforme de compostage est mise \u00e0 disposition des habitants des Communes de MAIZIERES &amp; XEUILLEY \u00e0 la sortie de MAIZIERES sur la ROUTE DE XEUILLEY apr\u00e8s le terrain de Football ; afin [&hellip;]<\/p>\n","protected":false},"author":1,"featured_media":0,"parent":0,"menu_order":0,"comment_status":"closed","ping_status":"closed","template":"","meta":{"ngg_post_thumbnail":0},"_links":{"self":[{"href":"https:\/\/maizieres-54550.fr\/index.php?rest_route=\/wp\/v2\/pages\/719"}],"collection":[{"href":"https:\/\/maizieres-54550.fr\/index.php?rest_route=\/wp\/v2\/pages"}],"about":[{"href":"https:\/\/maizieres-54550.fr\/index.php?rest_route=\/wp\/v2\/types\/page"}],"author":[{"embeddable":true,"href":"https:\/\/maizieres-54550.fr\/index.php?rest_route=\/wp\/v2\/users\/1"}],"replies":[{"embeddable":true,"href":"https:\/\/maizieres-54550.fr\/index.php?rest_route=%2Fwp%2Fv2%2Fcomments&post=719"}],"version-history":[{"count":11,"href":"https:\/\/maizieres-54550.fr\/index.php?rest_route=\/wp\/v2\/pages\/719\/revisions"}],"predecessor-version":[{"id":1486,"href":"https:\/\/maizieres-54550.fr\/index.php?rest_route=\/wp\/v2\/pages\/719\/revisions\/1486"}],"wp:attachment":[{"href":"https:\/\/maizieres-54550.fr\/index.php?rest_route=%2Fwp%2Fv2%2Fmedia&parent=719"}],"curies":[{"name":"wp","href":"https:\/\/api.w.org\/{rel}","templated":true}]}}