{"id":724,"date":"2018-07-25T12:22:54","date_gmt":"2018-07-25T12:22:54","guid":{"rendered":"http:\/\/maizieres-54550.fr\/?page_id=724"},"modified":"2020-04-07T08:03:34","modified_gmt":"2020-04-07T08:03:34","slug":"liste-electorale","status":"publish","type":"page","link":"https:\/\/maizieres-54550.fr\/?page_id=724","title":{"rendered":"\u00c9lections"},"content":{"rendered":"\n<table style=\"width: 100%; border-collapse: collapse; border-style: none; border-color: #000000; background-color: #10ade6;\">\n<tbody>\n<tr>\n<td style=\"width: 100%;\">\n<h3 style=\"text-align: center;\"><span style=\"color: #ffffff;\">INSCRIPTION SUR LA LISTE \u00c9LECTORALE<\/span><\/h3>\n<\/td>\n<\/tr>\n<\/tbody>\n<\/table>\n<blockquote>\n<p><strong><span style=\"color: #3366ff;\"><a style=\"color: #3366ff;\" href=\"https:\/\/www.service-public.fr\/particuliers\/vosdroits\/F1367\">\u00bb En ligne sur service-public.fr<\/a><\/span><\/strong><\/p>\n<p><img decoding=\"async\" src=\"http:\/\/maizieres-54550.fr\/wp-content\/uploads\/2020\/04\/Infographie_Inscription_listes_electorales_2020_comment-sinscrire.jpg\" alt=\"\"><\/p>\n<p style=\"text-align: justify;\"><span style=\"color: #000000;\">\u00bb <strong>Au secr\u00e9tariat de mairie :<\/strong><\/span><\/p>\n<p style=\"text-align: justify;\"><span style=\"color: #000000;\">en fournissant les documents suivants :&nbsp;<\/span><\/p>\n<ul style=\"text-align: justify;\">\n<li><span style=\"color: #000000;\">une pi\u00e8ce d&rsquo;identit\u00e9 en cours de validit\u00e9 prouvant votre nationalit\u00e9 fran\u00e7aise : passeport ou carte nationale d&rsquo;identit\u00e9.<\/span><\/li>\n<li><span style=\"color: #000000;\">Si vous \u00eates devenu fran\u00e7ais r\u00e9cemment et n&rsquo;avez pas encore de papiers fran\u00e7ais&nbsp;: pi\u00e8ce d&rsquo;identit\u00e9 d&rsquo;origine (passeport ou carte d&rsquo;identit\u00e9) en cours de validit\u00e9 et une preuve de la nationalit\u00e9 (d\u00e9cret de naturalisation par exemple).<\/span><\/li>\n<li><span style=\"color: #000000;\">un justificatif de domicile.<\/span><\/li>\n<li><span style=\"color: #000000;\">un formulaire cerfa&nbsp; de demande d&rsquo;inscription (disponible en mairie).<\/span><\/li>\n<\/ul>\n<p style=\"text-align: justify;\">&nbsp;<\/p>\n<p style=\"text-align: justify;\"><span style=\"color: #000000;\"><strong>\u00bb Par courrier :<\/strong><\/span><\/p>\n<p style=\"text-align: justify;\"><span style=\"color: #000000;\">en envoyant les documents suivants :<\/span><\/p>\n<ul>\n<li style=\"text-align: justify;\"><span style=\"color: #000000;\">&nbsp;un formulaire cerfa de demande d&rsquo;inscription.<\/span><\/li>\n<li style=\"text-align: justify;\"><span style=\"color: #000000;\">&nbsp;une photocopie d&rsquo;une pi\u00e8ce d&rsquo;identit\u00e9 en cours de validit\u00e9 prouvant votre nationalit\u00e9 fran\u00e7aise&nbsp;: passeport ou carte nationale d&rsquo;identit\u00e9.<\/span><br><span style=\"color: #000000;\">Si vous \u00eates devenu fran\u00e7ais r\u00e9cemment et que vous n&rsquo;avez pas encore de papiers fran\u00e7ais : pi\u00e8ce d&rsquo;identit\u00e9 d&rsquo;origine en cours de validit\u00e9 (passeport ou carte d&rsquo;identit\u00e9) + une preuve de la nationalit\u00e9 (d\u00e9cret de naturalisation par exemple).<\/span><\/li>\n<li style=\"text-align: justify;\"><span style=\"color: #000000;\">&nbsp;une photocopie d&rsquo;un justificatif de domicile.<\/span><\/li>\n<\/ul>\n<p>&nbsp;<\/p>\n<p><a href=\"https:\/\/www.service-public.fr\/particuliers\/recherche?keyword=+liste+%C3%A9lectorale+consulaire\"><strong><span style=\"color: #3366ff;\">\u00bb Plus de d\u00e9tail sur service-public.fr<\/span><\/strong><\/a><\/p>\n<\/blockquote>\n\n\n\n<p><img decoding=\"async\" src=\"http:\/\/maizieres-54550.fr\/wp-content\/uploads\/2020\/04\/Infographie_Inscription_listes_electorales_2020_erreur-etat_civil.jpg\" alt=\"\"><\/p>\n<p><img decoding=\"async\" src=\"http:\/\/maizieres-54550.fr\/wp-content\/uploads\/2020\/04\/Infographie_Inscription_listes_electorales_2020_Etes_vous_bien-_inscrit.jpg\" alt=\"\"><\/p>\n<p><img decoding=\"async\" src=\"http:\/\/maizieres-54550.fr\/wp-content\/uploads\/2020\/04\/Infographie_Inscription_listes_electorales_2020_vote_par_procuration.jpg\" alt=\"\"><\/p>\n<p><img decoding=\"async\" src=\"http:\/\/maizieres-54550.fr\/wp-content\/uploads\/2020\/04\/Infographie_Inscription_listes_electorales_2020_handicap.jpg\" alt=\"\"><\/p>\n<p>&nbsp;<\/p>\n","protected":false},"excerpt":{"rendered":"<p>INSCRIPTION SUR LA LISTE \u00c9LECTORALE \u00bb En ligne sur service-public.fr \u00bb Au secr\u00e9tariat de mairie : en fournissant les documents suivants :&nbsp; une pi\u00e8ce d&rsquo;identit\u00e9 en cours de validit\u00e9 prouvant votre nationalit\u00e9 fran\u00e7aise : passeport ou carte nationale d&rsquo;identit\u00e9. Si vous \u00eates devenu fran\u00e7ais r\u00e9cemment et n&rsquo;avez pas encore de papiers fran\u00e7ais&nbsp;: pi\u00e8ce d&rsquo;identit\u00e9 d&rsquo;origine [&hellip;]<\/p>\n","protected":false},"author":1,"featured_media":0,"parent":0,"menu_order":0,"comment_status":"closed","ping_status":"closed","template":"","meta":{"ngg_post_thumbnail":0},"_links":{"self":[{"href":"https:\/\/maizieres-54550.fr\/index.php?rest_route=\/wp\/v2\/pages\/724"}],"collection":[{"href":"https:\/\/maizieres-54550.fr\/index.php?rest_route=\/wp\/v2\/pages"}],"about":[{"href":"https:\/\/maizieres-54550.fr\/index.php?rest_route=\/wp\/v2\/types\/page"}],"author":[{"embeddable":true,"href":"https:\/\/maizieres-54550.fr\/index.php?rest_route=\/wp\/v2\/users\/1"}],"replies":[{"embeddable":true,"href":"https:\/\/maizieres-54550.fr\/index.php?rest_route=%2Fwp%2Fv2%2Fcomments&post=724"}],"version-history":[{"count":22,"href":"https:\/\/maizieres-54550.fr\/index.php?rest_route=\/wp\/v2\/pages\/724\/revisions"}],"predecessor-version":[{"id":1189,"href":"https:\/\/maizieres-54550.fr\/index.php?rest_route=\/wp\/v2\/pages\/724\/revisions\/1189"}],"wp:attachment":[{"href":"https:\/\/maizieres-54550.fr\/index.php?rest_route=%2Fwp%2Fv2%2Fmedia&parent=724"}],"curies":[{"name":"wp","href":"https:\/\/api.w.org\/{rel}","templated":true}]}}