{"id":805,"date":"2018-11-28T16:33:33","date_gmt":"2018-11-28T16:33:33","guid":{"rendered":"http:\/\/maizieres-54550.fr\/?page_id=805"},"modified":"2023-09-20T14:23:30","modified_gmt":"2023-09-20T14:23:30","slug":"formalites-administratives","status":"publish","type":"page","link":"https:\/\/maizieres-54550.fr\/?page_id=805","title":{"rendered":"Formalit\u00e9s administratives"},"content":{"rendered":"<table style=\"width: 100%; border-collapse: collapse; border-style: none; border-color: #000000; background-color: #10ade6;\">\n<tbody>\n<tr>\n<td style=\"width: 100%; text-align: center;\">\n<h3><span style=\"color: #ffffff;\"><strong>CARTE D\u2019IDENTIT\u00c9 ET PASSEPORT<\/strong><\/span><\/h3>\n<\/td>\n<\/tr>\n<\/tbody>\n<\/table>\n<blockquote>\n<p style=\"text-align: justify;\"><span style=\"font-family: verdana, geneva, sans-serif;\"><span style=\"color: #000000;\">Vous pouvez r\u00e9aliser <span style=\"text-decoration: underline;\"><strong>une pr\u00e9-demande de carte d&rsquo;identit\u00e9<\/strong><\/span> sur le site <span style=\"background-color: #ffffff; color: #3366ff;\"><a style=\"background-color: #ffffff; color: #3366ff;\" href=\"https:\/\/ants.gouv.fr\/\">www.ants.gouv.fr<\/a><\/span> ou un formulaire cerfa est disponible au secr\u00e9tariat de mairie.<\/span><\/span><\/p>\n<p style=\"text-align: justify;\"><span style=\"font-family: verdana, geneva, sans-serif;\"><span style=\"color: #000000;\">Prendre un rendez-vous dans une mairie \u00e9quip\u00e9e : <\/span><\/span><\/p>\n<p><a href=\"http:\/\/maizieres-54550.fr\/wp-content\/uploads\/2023\/09\/20230920113232878.pdf\" target=\"_blank\" rel=\"noopener\">cliquer sur le lien : Liste des communes \u00e9quip\u00e9es<\/a><\/p>\n<p><a href=\"http:\/\/maizieres-54550.fr\/wp-content\/uploads\/2023\/09\/20230920113232878.pdf\" target=\"_blank\" rel=\"noopener\"><img decoding=\"async\" loading=\"lazy\" class=\"alignnone\" src=\"http:\/\/maizieres-54550.fr\/wp-content\/uploads\/2023\/09\/20230920110912687_0001-scaled.jpg\" alt=\"\" width=\"2560\" height=\"1810\"><\/a><\/p>\n<p style=\"text-align: justify;\"><a href=\"https:\/\/passeport.ants.gouv.fr\/Services-associes\/Realiser-une-pre-demande-de-carte-nationale-d-identite-CNI\"><span style=\"font-family: verdana, geneva, sans-serif; color: #339966;\"><span style=\"color: #008000;\"><span style=\"color: #3366ff;\">Pour plus d&rsquo;information vous pouvez consulter les d\u00e9marches sur le site ants.gouv.fr<\/span><\/span><\/span><\/a><\/p>\n<\/blockquote>\n<p>&nbsp;<\/p>\n<blockquote>\n<p style=\"text-align: justify;\"><span style=\"color: #000000; font-family: verdana, geneva, sans-serif;\">Vous pouvez r\u00e9aliser <span style=\"text-decoration: underline;\"><strong>une pr\u00e9-demande de passeport<\/strong><\/span> sur le site <a href=\"https:\/\/ants.gouv.fr\/\"><span style=\"color: #008000;\"><span style=\"color: #3366ff;\">www.ants.gouv.fr<\/span><\/span><\/a> ou un formulaire cerfa est disponible au secr\u00e9tariat de mairie. <\/span><\/p>\n<p style=\"text-align: justify;\"><span style=\"color: #000000; font-family: verdana, geneva, sans-serif;\">Prendre un rendez-vous dans une mairie \u00e9quip\u00e9e : <\/span><\/p>\n<p><a href=\"http:\/\/maizieres-54550.fr\/wp-content\/uploads\/2023\/09\/20230920113232878.pdf\" target=\"_blank\" rel=\"noopener\">cliquer sur le lien : Liste des communes \u00e9quip\u00e9es<\/a><\/p>\n<p><a href=\"http:\/\/maizieres-54550.fr\/wp-content\/uploads\/2023\/09\/20230920113232878.pdf\" target=\"_blank\" rel=\"noopener\"><img decoding=\"async\" loading=\"lazy\" class=\"alignnone\" src=\"http:\/\/maizieres-54550.fr\/wp-content\/uploads\/2023\/09\/20230920110912687_0001-scaled.jpg\" alt=\"\" width=\"2560\" height=\"1810\"><\/a><\/p>\n<p style=\"text-align: justify;\"><a href=\"https:\/\/passeport.ants.gouv.fr\/Services-associes\/Realiser-une-pre-demande-de-passeport\"><span style=\"font-family: verdana, geneva, sans-serif; color: #339966;\"><span style=\"color: #008000;\"><span style=\"color: #3366ff;\">Pour plus d&rsquo;information vous pouvez consulter les d\u00e9marches sur le site ants.gouv.fr<\/span><\/span><\/span><\/a><\/p>\n<\/blockquote>\n<h4>&nbsp;<\/h4>\n<p style=\"text-align: center;\"><span style=\"font-size: 12pt;\"><span style=\"text-decoration: underline; color: #000000; font-size: 14pt;\"><strong>Perte ou vol de votre carte nationale d&rsquo;identit\u00e9<\/strong><\/span><\/span><\/p>\n<blockquote>\n<p style=\"text-align: justify;\"><span style=\"color: #000000;\">La d\u00e9claration de vol doit \u00eatre faite \u00e0 la gendarmerie ou au commissariat de police.<\/span><\/p>\n<p style=\"text-align: justify;\"><span style=\"color: #000000;\">La d\u00e9claration de perte doit \u00eatre faite \u00e0 la mairie lors de la cr\u00e9ation du dossier de carte nationale d&rsquo;identit\u00e9.<\/span><\/p>\n<p style=\"text-align: justify;\"><span style=\"color: #000000;\">Formulaire de d\u00e9claration de perte de carte d&rsquo;identit\u00e9 ou de passeport :<\/span> <a href=\"https:\/\/www.service-public.fr\/particuliers\/vosdroits\/R13630\"><span style=\"color: #008000;\"><span style=\"color: #3366ff;\">Formulaire<\/span><\/span><\/a><\/p>\n<p style=\"text-align: justify;\"><span style=\"color: #000000;\">Droit de timbres : 25 \u20ac en timbres fiscaux disponible chez un buraliste, en tr\u00e9sorerie ou par internet :<\/span> <span style=\"color: #3366ff;\"><a style=\"color: #3366ff;\" href=\"https:\/\/timbres.impots.gouv.fr\/index.jsp\">timbres fiscaux en ligne<\/a><\/span><\/p>\n<\/blockquote>\n<p>&nbsp;<\/p>\n<table style=\"border-style: none; border-color: #000000; background-color: #10ade6;\">\n<tbody>\n<tr>\n<td>\n<h3 style=\"text-align: center;\"><span style=\"color: #ffffff;\"><strong>ATTESTATION D&rsquo;ACCUEIL<\/strong><\/span><\/h3>\n<\/td>\n<\/tr>\n<\/tbody>\n<\/table>\n<blockquote>\n<p style=\"text-align: justify;\"><span style=\"color: #000000;\">L&rsquo;attestation est d\u00e9livr\u00e9e aux personnes souhaitant h\u00e9berger une ou plusieurs personnes de nationalit\u00e9 \u00e9trang\u00e8re pour un s\u00e9jour d&rsquo;une dur\u00e9e maximale de 3 mois.<\/span><\/p>\n<p style=\"text-align: justify;\"><span style=\"color: #000000;\"><strong>La pr\u00e9sence personnelle de l&rsquo;h\u00e9bergeant est obligatoire et le formulaire est \u00e0 compl\u00e9ter en mairie lors du d\u00e9p\u00f4t des pi\u00e8ces justificatives<\/strong>.<\/span><\/p>\n<p style=\"text-align: justify;\"><span style=\"color: #008000;\"><a style=\"color: #008000;\" href=\"https:\/\/www.service-public.fr\/particuliers\/vosdroits\/F2191\"><span style=\"color: #3366ff;\">Pour plus d&rsquo;information vos pouvez consulter les d\u00e9marches sur service-public.fr<\/span><\/a><\/span><\/p>\n<\/blockquote>\n<p>&nbsp;<\/p>\n<table class=\" aligncenter\" style=\"border-style: none; border-color: #000000; background-color: #10ade6;\" border=\"0\">\n<tbody>\n<tr>\n<td>\n<h3><span style=\"color: #ffffff;\"><strong>L\u00c9GALISATION DE SIGNATURE<\/strong><\/span><\/h3>\n<\/td>\n<\/tr>\n<\/tbody>\n<\/table>\n<blockquote>\n<p style=\"text-align: justify;\"><span style=\"color: #000000;\">Cette d\u00e9marche s\u2019effectue <strong>\u00e0 la mairie du domicile<\/strong> sur <strong>pr\u00e9sentation d&rsquo;une pi\u00e8ce d&rsquo;identit\u00e9<\/strong>. <strong>Le document doit \u00eatre sign\u00e9 en pr\u00e9sence du maire<\/strong> ou de son rempla\u00e7ant.<\/span><\/p>\n<p style=\"text-align: justify;\"><span style=\"color: #008000;\"><a style=\"color: #008000;\" href=\"https:\/\/www.service-public.fr\/particuliers\/vosdroits\/F1411\"><span style=\"color: #3366ff;\">Pour plus d&rsquo;information vous pouvez consulter les d\u00e9marches sur service-public.fr<\/span><\/a><\/span><\/p>\n<\/blockquote>\n\n\n\n\n<p>&nbsp;<\/p>\n<table style=\"width: 100%; border-collapse: collapse; border-style: none; border-color: #000000; background-color: #10ade6; height: 69px;\">\n<tbody>\n<tr style=\"height: 69px;\">\n<td style=\"width: 100%; height: 69px;\">\n<h3 style=\"text-align: center;\"><span style=\"color: #ffffff;\">DUPLICATA DE LIVRET DE DE FAMILLE<\/span><\/h3>\n<\/td>\n<\/tr>\n<\/tbody>\n<\/table>\n<blockquote>\n<p style=\"text-align: justify;\"><span style=\"color: #000000;\">En cas de perte, vol, s\u00e9paration ou destruction.<\/span><\/p>\n<p style=\"text-align: justify;\"><span style=\"color: #000000;\">Demande \u00e0 faire \u00e0 la mairie du lieu de domicile du titulaire du livret.<\/span><\/p>\n<p style=\"text-align: justify;\"><span style=\"color: #000000;\">En cas de d\u00e9c\u00e8s du ou des titulaires du livret, les enfants ne peuvent obtenir la d\u00e9livrance d&rsquo;un second livret de famille.<\/span><\/p>\n<p style=\"text-align: justify;\"><span style=\"color: #000000;\">Les pi\u00e8ces \u00e0 fournir sont un justificatif d&rsquo;identit\u00e9 du demandeur titulaire du livret, un justificatif de domicile et les informations concernant le livret de famille.<\/span><\/p>\n<p style=\"text-align: justify;\"><span style=\"color: #000000;\">Le d\u00e9lai entre la demande de duplicata et la remise effective du 2e livret varie en fonction du nombre d&rsquo;actes \u00e0 inscrire sur le livret.<\/span><\/p>\n<p style=\"text-align: justify;\"><span style=\"color: #000000;\">Formulaire second livret de famille : <a href=\"http:\/\/maizieres-54550.fr\/wp-content\/uploads\/2023\/03\/Demande-de-duplicata-du-livret-de-famille.pdf\" target=\"_blank\" rel=\"noopener\"><span style=\"color: #3366ff;\">Formulaire<\/span><\/a><\/span><\/p>\n<p style=\"text-align: justify;\"><span style=\"color: #3366ff;\"><a style=\"color: #3366ff;\" href=\"https:\/\/www.service-public.fr\/particuliers\/vosdroits\/F11994\">Pour plus d&rsquo;information vous pouvez&nbsp; consulter les d\u00e9marches sur le site service-public.fr<\/a><\/span><\/p>\n<\/blockquote>\n<p>&nbsp;<\/p>\n<table style=\"width: 100%; border-collapse: collapse; border-style: none; border-color: #000000; background-color: #10ade6;\">\n<tbody>\n<tr>\n<td style=\"width: 100%;\">\n<h3 style=\"text-align: center;\"><span style=\"color: #ffffff;\">DEMANDE D&rsquo;ACTE D&rsquo;\u00c9TAT-CIVIL<\/span><\/h3>\n<\/td>\n<\/tr>\n<\/tbody>\n<\/table>\n<blockquote>\n<p style=\"text-align: justify;\"><span style=\"color: #000000;\">Pour demander un acte d&rsquo;\u00e9tat-civil sur la plateforme service-public.fr, cliquer sur le lien ci-dessous pour acc\u00e9der au formulaire de demande : <\/span><\/p>\n<p><span style=\"color: #3366ff;\"><a style=\"color: #3366ff;\" href=\"https:\/\/www.service-public.fr\/particuliers\/vosdroits\/N359\">\u00bb Faire une demande d\u2019acte d\u2019\u00e9tat-civil sur service-public.fr<\/a><\/span><\/p>\n<\/blockquote>\n","protected":false},"excerpt":{"rendered":"<p>CARTE D\u2019IDENTIT\u00c9 ET PASSEPORT Vous pouvez r\u00e9aliser une pr\u00e9-demande de carte d&rsquo;identit\u00e9 sur le site www.ants.gouv.fr ou un formulaire cerfa est disponible au secr\u00e9tariat de mairie. Prendre un rendez-vous dans une mairie \u00e9quip\u00e9e : cliquer sur le lien : Liste des communes \u00e9quip\u00e9es Pour plus d&rsquo;information vous pouvez consulter les d\u00e9marches sur le site ants.gouv.fr [&hellip;]<\/p>\n","protected":false},"author":1,"featured_media":0,"parent":0,"menu_order":0,"comment_status":"closed","ping_status":"closed","template":"","meta":{"ngg_post_thumbnail":0},"_links":{"self":[{"href":"https:\/\/maizieres-54550.fr\/index.php?rest_route=\/wp\/v2\/pages\/805"}],"collection":[{"href":"https:\/\/maizieres-54550.fr\/index.php?rest_route=\/wp\/v2\/pages"}],"about":[{"href":"https:\/\/maizieres-54550.fr\/index.php?rest_route=\/wp\/v2\/types\/page"}],"author":[{"embeddable":true,"href":"https:\/\/maizieres-54550.fr\/index.php?rest_route=\/wp\/v2\/users\/1"}],"replies":[{"embeddable":true,"href":"https:\/\/maizieres-54550.fr\/index.php?rest_route=%2Fwp%2Fv2%2Fcomments&post=805"}],"version-history":[{"count":58,"href":"https:\/\/maizieres-54550.fr\/index.php?rest_route=\/wp\/v2\/pages\/805\/revisions"}],"predecessor-version":[{"id":1914,"href":"https:\/\/maizieres-54550.fr\/index.php?rest_route=\/wp\/v2\/pages\/805\/revisions\/1914"}],"wp:attachment":[{"href":"https:\/\/maizieres-54550.fr\/index.php?rest_route=%2Fwp%2Fv2%2Fmedia&parent=805"}],"curies":[{"name":"wp","href":"https:\/\/api.w.org\/{rel}","templated":true}]}}